{"id":55167,"date":"2026-03-04T17:01:01","date_gmt":"2026-03-04T17:01:01","guid":{"rendered":"https:\/\/smartyplantsnursery.com\/product\/alpinia-zerumbet-azucena-de-porcelana\/"},"modified":"2026-03-04T17:01:01","modified_gmt":"2026-03-04T17:01:01","slug":"alpinia-zerumbet-azucena-de-porcelana","status":"publish","type":"product","link":"https:\/\/smartyplantsnursery.com\/es\/product\/alpinia-zerumbet-azucena-de-porcelana\/","title":{"rendered":"Alpinia zerumbet &#8211; Azucena de porcelana"},"content":{"rendered":"<p><b>Usos paisaj\u00edsticos generales: <\/b><span class=\"citation-39\">Excelente para <\/span><span class=\"citation-39\">pantallas de altura media<\/span><span class=\"citation-39 citation-end-39\">, borduras tropicales o como fondo frondoso para plantas con flores m\u00e1s peque\u00f1as.<\/span> Se suele usar cerca de fuentes o patios sombreados donde se pueda apreciar su fragancia y textura.<\/p>\n<p><b>Notas de restauraci\u00f3n ecol\u00f3gica: <\/b>Por lo general, no se usa para la restauraci\u00f3n en las Am\u00e9ricas al ser una especie ex\u00f3tica. En algunas regiones (como Haw\u00e1i), puede ser algo agresiva si no se controla, aunque no suele clasificarse como una amenaza invasora importante en los EE. UU. continentales. <\/p>\n<p><b>Descripci\u00f3n: <\/b>Perenne rizomatosa de hoja perenne con tallos erguidos similares a ca\u00f1as y hojas grandes, lanceoladas y de color verde oscuro.<\/p>\n<p><b>Dimensiones: <\/b>Altura: 2,4-3,7 m; Envergadura: 1,2-2,4 m<\/p>\n<p><b>Tasa de crecimiento:<\/b> r\u00e1pida<\/p>\n<p><b>Distribuci\u00f3n natural: <\/b>De Jap\u00f3n a Taiw\u00e1n<\/p>\n<p><b>H\u00e1bitats naturales: <\/b>M\u00e1rgenes de bosques y zonas boscosas h\u00famedas de baja altitud<\/p>\n<p><b>Suelos:<\/b> Bien drenados<\/p>\n<p><b>Requisitos nutricionales:<\/b> moderados<\/p>\n<p><b>Tolerancia al agua salada:<\/b> baja<\/p>\n<p><b>Tolerancia al viento salado:<\/b> moderada<\/p>\n<p><b>Tolerancia a la sequ\u00eda:<\/b> De baja a moderada<\/p>\n<p><b>Requisitos de luz:<\/b> sol parcial<\/p>\n<p><b>Color de la flor: <\/b>Blanco perlado con puntas rosadas; al abrirse muestra un interior amarillo y rojo<\/p>\n<p><b>Caracter\u00edsticas de la flor: <\/b>Pan\u00edculas terminales colgantes. Los capullos individuales parecen peque\u00f1as conchas marinas pulidas (de ah\u00ed su nombre). <\/p>\n<p><b>Temporada de floraci\u00f3n:<\/b> Desde finales de primavera hasta verano<\/p>\n<p><b>Fruto: <\/b>C\u00e1psulas rojas globosas y estriadas que contienen varias semillas<\/p>\n<p><b>Fauna y ecolog\u00eda: <\/b>Las flores son muy atractivas para abejas, mariposas y colibr\u00edes. El follaje tiene un aroma especiado, similar al jengibre, al triturarlo. <\/p>\n<p><b>Notas hort\u00edcolas: <\/b>Se cultiva por divisi\u00f3n, semillas o esquejes<\/p>\n<p><b>Comentarios:<\/b><\/p>\n","protected":false},"excerpt":{"rendered":"<p><img fetchpriority=\"high\" decoding=\"async\" class=\"alignnone size-medium wp-image-54744\" src=\"https:\/\/smartyplantsnursery.com\/wp-content\/uploads\/2023\/04\/Screenshot-2026-03-03-at-2.22.47-PM-300x185.png\" alt=\"\" width=\"300\" height=\"185\"><\/p>\n<div class=\"container\">\n<div class=\"table-container\">\n<table>\n<thead>\n<tr>\n<th>Tama\u00f1o de la maceta<\/th>\n<th>Altura media plantada (desde la tierra hasta la parte superior de la planta)<\/th>\n<\/tr>\n<\/thead>\n<tbody>\n<tr>\n<td>3 galones\/10&#8243;<\/td>\n<td>1 &#8211; 2 pies<\/td>\n<\/tr>\n<tr>\n<td>7 galones\/14&#8243;<\/td>\n<td>2 &#8211; 4 pies<\/td>\n<\/tr>\n<tr>\n<td>15 galones\/17&#8243;<\/td>\n<td>4 &#8211; 6 pies<\/td>\n<\/tr>\n<\/tbody>\n<\/table>\n<\/div>\n<\/div>\n","protected":false},"featured_media":54820,"comment_status":"open","ping_status":"closed","template":"","meta":[],"product_brand":[],"product_cat":[304,311,329,310,375,331,315,302,309,313,361,378,316,323,322,330,303,307],"product_tag":[319,318,350,352],"class_list":{"0":"post-55167","1":"product","2":"type-product","3":"status-publish","4":"has-post-thumbnail","6":"product_cat-arbusto","7":"product_cat-baja","8":"product_cat-baja-es-2","9":"product_cat-bien-drenado","10":"product_cat-borde","11":"product_cat-division-es","12":"product_cat-esquejes","13":"product_cat-exotica","14":"product_cat-moderada","15":"product_cat-moderada-es","16":"product_cat-moderada-es-4","17":"product_cat-pantalla","18":"product_cat-pequena","19":"product_cat-primavera","20":"product_cat-rapido","21":"product_cat-semilla","22":"product_cat-sol-parcial","23":"product_cat-verano","24":"product_tag-amarillo","25":"product_tag-blanco","26":"product_tag-rojo","27":"product_tag-rosa","28":"pa_pot-size-15-galones-17","29":"pa_pot-size-3-galones-10","30":"pa_pot-size-7-galones-14","33":"first","34":"instock","35":"taxable","36":"shipping-taxable","37":"purchasable","38":"product-type-variable"},"aioseo_notices":[],"_links":{"self":[{"href":"https:\/\/smartyplantsnursery.com\/es\/wp-json\/wp\/v2\/product\/55167","targetHints":{"allow":["GET"]}}],"collection":[{"href":"https:\/\/smartyplantsnursery.com\/es\/wp-json\/wp\/v2\/product"}],"about":[{"href":"https:\/\/smartyplantsnursery.com\/es\/wp-json\/wp\/v2\/types\/product"}],"replies":[{"embeddable":true,"href":"https:\/\/smartyplantsnursery.com\/es\/wp-json\/wp\/v2\/comments?post=55167"}],"wp:featuredmedia":[{"embeddable":true,"href":"https:\/\/smartyplantsnursery.com\/es\/wp-json\/wp\/v2\/media\/54820"}],"wp:attachment":[{"href":"https:\/\/smartyplantsnursery.com\/es\/wp-json\/wp\/v2\/media?parent=55167"}],"wp:term":[{"taxonomy":"product_brand","embeddable":true,"href":"https:\/\/smartyplantsnursery.com\/es\/wp-json\/wp\/v2\/product_brand?post=55167"},{"taxonomy":"product_cat","embeddable":true,"href":"https:\/\/smartyplantsnursery.com\/es\/wp-json\/wp\/v2\/product_cat?post=55167"},{"taxonomy":"product_tag","embeddable":true,"href":"https:\/\/smartyplantsnursery.com\/es\/wp-json\/wp\/v2\/product_tag?post=55167"}],"curies":[{"name":"wp","href":"https:\/\/api.w.org\/{rel}","templated":true}]}}