{"id":55168,"date":"2026-03-04T20:06:47","date_gmt":"2026-03-04T20:06:47","guid":{"rendered":"https:\/\/smartyplantsnursery.com\/product\/ducha-rosa-y-blanca-ducha-flor-de-manzano-cassia-javanica\/"},"modified":"2026-03-04T20:06:47","modified_gmt":"2026-03-04T20:06:47","slug":"ducha-rosa-y-blanca-ducha-flor-de-manzano-cassia-javanica","status":"publish","type":"product","link":"https:\/\/smartyplantsnursery.com\/es\/product\/ducha-rosa-y-blanca-ducha-flor-de-manzano-cassia-javanica\/","title":{"rendered":"Ducha rosa y blanca, Ducha flor de manzano &#8211; Cassia javanica"},"content":{"rendered":"<p><b>Usos generales en paisajismo: <\/b><span class=\"citation-48\">Un <\/span><span class=\"citation-48\">\u00e1rbol de sombra ejemplar<\/span><span class=\"citation-48 citation-end-48\"> de primera para jardines grandes, parques y medianas anchas.<\/span> Su porte extendido lo convierte en una opci\u00f3n excelente para crear un &#8220;techo&#8221; sobre patios grandes o c\u00e9spedes abiertos.<\/p>\n<p><b>Notas de restauraci\u00f3n ecol\u00f3gica: <\/b>No se suele usar en proyectos de restauraci\u00f3n fuera de su \u00e1rea de distribuci\u00f3n nativa.<\/p>\n<p><b>Descripci\u00f3n: <\/b>\u00c1rbol caducifolio a semiperennifolio, con una copa ancha y extendida y ramas elegantes y colgantes. Las hojas son compuestas pinnadas, lo que le da al \u00e1rbol una textura plumosa y tropical. <\/p>\n<p><b>Dimensiones: <\/b>Altura 25\u201340 ft; extensi\u00f3n 30\u201350 ft.<\/p>\n<p><b>Tasa de crecimiento:<\/b> r\u00e1pida<\/p>\n<p><b>\u00c1rea de distribuci\u00f3n nativa: <\/b>Sudeste asi\u00e1tico (Indonesia, Malasia, Tailandia, Filipinas)<\/p>\n<p><b>H\u00e1bitats nativos: <\/b>Bosques abiertos y bordes de bosque en zonas tropicales de tierras bajas<\/p>\n<p><b>Suelos:<\/b> Bien drenado, franco<\/p>\n<p><b>Requisitos nutricionales:<\/b> moderados<\/p>\n<p><b>Tolerancia al agua salada:<\/b> baja<\/p>\n<p><b>Tolerancia al viento salado:<\/b> moderada<\/p>\n<p><b>Tolerancia a la sequ\u00eda:<\/b> Moderada a alta<\/p>\n<p><b>Requisitos de luz:<\/b> Pleno sol<\/p>\n<p><b>Color de la flor: <\/b>Mezcla de rosa p\u00e1lido, rosa intenso y blanco (se vuelve dorado al envejecer)<\/p>\n<p><b>Caracter\u00edsticas de la flor: <\/b>Racimos grandes y densos (racimos) que cubren las ramas. Las flores tienen una fragancia delicada y dulce. <\/p>\n<p><b>Temporada de floraci\u00f3n:<\/b> Desde finales de primavera hasta principios de verano<\/p>\n<p><b>Fruto: <\/b>Vainas largas, cil\u00edndricas, de color marr\u00f3n oscuro (hasta 2 ft de largo) que contienen muchas semillas incrustadas en una pulpa pegajosa.<\/p>\n<p><b>Fauna y ecolog\u00eda: <\/b>Un gran atractivo para abejas y mariposas. En su \u00e1rea nativa, las semillas y la pulpa las comen varios mam\u00edferos peque\u00f1os. <\/p>\n<p><b>Notas hort\u00edcolas: <\/b>Se propaga por semilla, acodo a\u00e9reo, esquejes<\/p>\n<p><b>Comentarios:<\/b><\/p>\n","protected":false},"excerpt":{"rendered":"<p><img fetchpriority=\"high\" decoding=\"async\" class=\"alignnone size-medium wp-image-54744\" src=\"https:\/\/smartyplantsnursery.com\/wp-content\/uploads\/2023\/04\/Screenshot-2026-03-03-at-2.22.47-PM-300x185.png\" alt=\"\" width=\"300\" height=\"185\"><\/p>\n<div class=\"container\">\n<div class=\"table-container\">\n<table>\n<thead>\n<tr>\n<th>Tama\u00f1o de la maceta<\/th>\n<th>Altura media plantada (desde la tierra hasta la parte superior de la planta)<\/th>\n<\/tr>\n<\/thead>\n<tbody>\n<tr>\n<td>25 galones\/21&#8243;<\/td>\n<td>8 &#8211; 10 pies<\/td>\n<\/tr>\n<\/tbody>\n<\/table>\n<\/div>\n<\/div>\n","protected":false},"featured_media":54856,"comment_status":"open","ping_status":"closed","template":"","meta":[],"product_brand":[],"product_cat":[336,340,344,371,311,310,315,302,374,369,368,309,313,361,314,335,323,372,322,330,307],"product_tag":[318,352],"class_list":{"0":"post-55168","1":"product","2":"type-product","3":"status-publish","4":"has-post-thumbnail","6":"product_cat-acodo-aereo","7":"product_cat-alta","8":"product_cat-arbol","9":"product_cat-arbol-de-sombra","10":"product_cat-baja","11":"product_cat-bien-drenado","12":"product_cat-esquejes","13":"product_cat-exotica","14":"product_cat-fragante-2","15":"product_cat-franco","16":"product_cat-grande","17":"product_cat-moderada","18":"product_cat-moderada-es","19":"product_cat-moderada-es-4","20":"product_cat-planta-de-especimen","21":"product_cat-pleno-sol","22":"product_cat-primavera","23":"product_cat-racimo","24":"product_cat-rapido","25":"product_cat-semilla","26":"product_cat-verano","27":"product_tag-blanco","28":"product_tag-rosa","29":"pa_pot-size-25-galones-21","32":"first","33":"instock","34":"taxable","35":"shipping-taxable","36":"purchasable","37":"product-type-variable"},"aioseo_notices":[],"_links":{"self":[{"href":"https:\/\/smartyplantsnursery.com\/es\/wp-json\/wp\/v2\/product\/55168","targetHints":{"allow":["GET"]}}],"collection":[{"href":"https:\/\/smartyplantsnursery.com\/es\/wp-json\/wp\/v2\/product"}],"about":[{"href":"https:\/\/smartyplantsnursery.com\/es\/wp-json\/wp\/v2\/types\/product"}],"replies":[{"embeddable":true,"href":"https:\/\/smartyplantsnursery.com\/es\/wp-json\/wp\/v2\/comments?post=55168"}],"wp:featuredmedia":[{"embeddable":true,"href":"https:\/\/smartyplantsnursery.com\/es\/wp-json\/wp\/v2\/media\/54856"}],"wp:attachment":[{"href":"https:\/\/smartyplantsnursery.com\/es\/wp-json\/wp\/v2\/media?parent=55168"}],"wp:term":[{"taxonomy":"product_brand","embeddable":true,"href":"https:\/\/smartyplantsnursery.com\/es\/wp-json\/wp\/v2\/product_brand?post=55168"},{"taxonomy":"product_cat","embeddable":true,"href":"https:\/\/smartyplantsnursery.com\/es\/wp-json\/wp\/v2\/product_cat?post=55168"},{"taxonomy":"product_tag","embeddable":true,"href":"https:\/\/smartyplantsnursery.com\/es\/wp-json\/wp\/v2\/product_tag?post=55168"}],"curies":[{"name":"wp","href":"https:\/\/api.w.org\/{rel}","templated":true}]}}