{"id":55193,"date":"2026-03-07T15:05:53","date_gmt":"2026-03-07T15:05:53","guid":{"rendered":"https:\/\/smartyplantsnursery.com\/product\/drago-africano-dracaena-arborea\/"},"modified":"2026-03-07T15:05:53","modified_gmt":"2026-03-07T15:05:53","slug":"drago-africano-dracaena-arborea","status":"publish","type":"product","link":"https:\/\/smartyplantsnursery.com\/es\/product\/drago-africano-dracaena-arborea\/","title":{"rendered":"Drago africano &#8211; Dracaena arborea"},"content":{"rendered":"<p><b>Usos generales en paisajismo: <\/b>Punto focal arquitect\u00f3nico excepcional, acento vertical en espacios estrechos o planta de maceta de gran impacto para patios. Se suele usar para dar un aspecto &#8220;tropical perenne&#8221; en paisajes x\u00e9ricos (secos). <\/p>\n<p><b>Notas de restauraci\u00f3n ecol\u00f3gica: <\/b>Nativa de los bosques secundarios de \u00c1frica occidental. All\u00ed es una especie pionera resistente, pero en Am\u00e9rica es estrictamente ornamental. <\/p>\n<p><b>Descripci\u00f3n: <\/b>Suculenta de porte arb\u00f3reo con un tronco grueso y corchoso que se ramifica con la edad. Cada rama est\u00e1 coronada por densas rosetas de hojas verdes largas, flexibles y en forma de espada. <\/p>\n<p><b>Dimensiones: <\/b>Altura 3 &#8211; 6 m; Envergadura 1,8 &#8211; 3 m.<\/p>\n<p><b>Tasa de crecimiento:<\/b> Lento a moderado<\/p>\n<p><b>Distribuci\u00f3n natural: <\/b>\u00c1frica occidental (de Guinea a Nigeria y al sur hasta Angola)<\/p>\n<p><b>H\u00e1bitats naturales: <\/b>Matorrales tropicales, bosques abiertos y lindes de bosques<\/p>\n<p><b>Suelos: <\/b>Bien drenados, arena, marga<\/p>\n<p><b>Requisitos nutricionales:<\/b> bajos<\/p>\n<p><b>Tolerancia al agua salada:<\/b> baja<\/p>\n<p><b>Tolerancia al viento salino:<\/b> De moderada a alta<\/p>\n<p><b>Tolerancia a la sequ\u00eda:<\/b> alta<\/p>\n<p><b>Requisitos de luz:<\/b> Pleno sol a sol parcial<\/p>\n<p><b>Color de la flor: <\/b>De blanco crema a amarillo verdoso p\u00e1lido<\/p>\n<p><b>Caracter\u00edsticas de la flor: <\/b>Grandes pan\u00edculas ramificadas de flores peque\u00f1as en forma de estrella y muy fragantes, especialmente por la noche.<\/p>\n<p><b>Temporada de floraci\u00f3n:<\/b> Invierno a primavera<\/p>\n<p><b>Fruto: <\/b>Bayas vistosas del tama\u00f1o de un guisante que se vuelven naranjas o rojas brillantes al madurar<\/p>\n<p><b>Fauna y ecolog\u00eda: <\/b>Las flores atraen a polillas y abejas; las aves se sienten muy atra\u00eddas por las coloridas bayas<\/p>\n<p><b>Notas de horticultura:<\/b> Cultivado a partir de esquejes, semillas<\/p>\n<p><b>Comentarios:<\/b><\/p>\n","protected":false},"excerpt":{"rendered":"<p><img fetchpriority=\"high\" decoding=\"async\" class=\"alignnone size-medium wp-image-54744\" src=\"https:\/\/smartyplantsnursery.com\/wp-content\/uploads\/2023\/04\/Screenshot-2026-03-03-at-2.22.47-PM-300x185.png\" alt=\"\" width=\"300\" height=\"185\"><\/p>\n<div class=\"container\">\n<div class=\"table-container\">\n<table>\n<thead>\n<tr>\n<th>Tama\u00f1o de la maceta<\/th>\n<th>Altura media plantada (desde la tierra hasta la parte superior de la planta)<\/th>\n<\/tr>\n<\/thead>\n<tbody>\n<tr>\n<td>3 galones\/10&#8243;<\/td>\n<td>1 &#8211; 2 pies<\/td>\n<\/tr>\n<tr>\n<td>15 galones\/17&#8243;<\/td>\n<td>0,9 &#8211; 1,2 m<\/td>\n<\/tr>\n<tr>\n<td>25 galones\/21&#8243;<\/td>\n<td>120 &#8211; 150 cm<\/td>\n<\/tr>\n<\/tbody>\n<\/table>\n<\/div>\n<\/div>\n","protected":false},"featured_media":55150,"comment_status":"open","ping_status":"closed","template":"","meta":[],"product_brand":[],"product_cat":[340,362,344,359,357,311,310,317,315,302,374,369,368,355,306,326,361,314,335,323,330,303,342],"product_tag":[319,318,327],"class_list":{"0":"post-55193","1":"product","2":"type-product","3":"status-publish","4":"has-post-thumbnail","6":"product_cat-alta","7":"product_cat-alta-es-2","8":"product_cat-arbol","9":"product_cat-arena","10":"product_cat-baja-es-3","11":"product_cat-baja","12":"product_cat-bien-drenado","13":"product_cat-contenedor","14":"product_cat-esquejes","15":"product_cat-exotica","16":"product_cat-fragante-2","17":"product_cat-franco","18":"product_cat-grande","19":"product_cat-invierno","20":"product_cat-lenta","21":"product_cat-moderada-es-2","22":"product_cat-moderada-es-4","23":"product_cat-planta-de-especimen","24":"product_cat-pleno-sol","25":"product_cat-primavera","26":"product_cat-semilla","27":"product_cat-sol-parcial","28":"product_cat-xerojardin","29":"product_tag-amarillo","30":"product_tag-blanco","31":"product_tag-verde","32":"pa_pot-size-15-galones-17","33":"pa_pot-size-25-galones-21","34":"pa_pot-size-3-galones-10","37":"first","38":"instock","39":"taxable","40":"shipping-taxable","41":"purchasable","42":"product-type-variable"},"aioseo_notices":[],"_links":{"self":[{"href":"https:\/\/smartyplantsnursery.com\/es\/wp-json\/wp\/v2\/product\/55193","targetHints":{"allow":["GET"]}}],"collection":[{"href":"https:\/\/smartyplantsnursery.com\/es\/wp-json\/wp\/v2\/product"}],"about":[{"href":"https:\/\/smartyplantsnursery.com\/es\/wp-json\/wp\/v2\/types\/product"}],"replies":[{"embeddable":true,"href":"https:\/\/smartyplantsnursery.com\/es\/wp-json\/wp\/v2\/comments?post=55193"}],"wp:featuredmedia":[{"embeddable":true,"href":"https:\/\/smartyplantsnursery.com\/es\/wp-json\/wp\/v2\/media\/55150"}],"wp:attachment":[{"href":"https:\/\/smartyplantsnursery.com\/es\/wp-json\/wp\/v2\/media?parent=55193"}],"wp:term":[{"taxonomy":"product_brand","embeddable":true,"href":"https:\/\/smartyplantsnursery.com\/es\/wp-json\/wp\/v2\/product_brand?post=55193"},{"taxonomy":"product_cat","embeddable":true,"href":"https:\/\/smartyplantsnursery.com\/es\/wp-json\/wp\/v2\/product_cat?post=55193"},{"taxonomy":"product_tag","embeddable":true,"href":"https:\/\/smartyplantsnursery.com\/es\/wp-json\/wp\/v2\/product_tag?post=55193"}],"curies":[{"name":"wp","href":"https:\/\/api.w.org\/{rel}","templated":true}]}}