{"id":55250,"date":"2026-03-11T14:47:47","date_gmt":"2026-03-11T14:47:47","guid":{"rendered":"https:\/\/smartyplantsnursery.com\/product\/longstalked-stopper-mosiera-longipes\/"},"modified":"2026-03-11T14:47:47","modified_gmt":"2026-03-11T14:47:47","slug":"longstalked-stopper-mosiera-longipes","status":"publish","type":"product","link":"https:\/\/smartyplantsnursery.com\/es\/product\/longstalked-stopper-mosiera-longipes\/","title":{"rendered":"Longstalked-stopper &#8211; Mosiera longipes"},"content":{"rendered":"<p><b>Usos paisaj\u00edsticos generales:<\/b> Arbusto ornamental.<\/p>\n<p><b>Descripci\u00f3n:<\/b> Arbusto mediano a grande o raramente un \u00e1rbol peque\u00f1o con ramas muy extendidas. Troncos generalmente muy cortos. Corteza gris. Hojas brillantes, verde claro por encima, de unos 2,5 cm de largo.   <\/p>\n<p><b>Dimensiones:<\/b> Normalmente entre 90-180 cm de altura, pero a veces m\u00e1s, y a veces permanece postrado formando alfombras extendidas. Casi siempre m\u00e1s ancho que alto. <\/p>\n<p><b>Tasa de crecimiento:<\/b> moderada.<\/p>\n<p><b>Distribuci\u00f3n:<\/b> Cayos del condado de Monroe y condado de Miami-Dade; Antillas. En los cayos del condado de Monroe, disjunto desde el condado de Miami-Dade hasta Big Pine Key e islas cercanas; aparentemente nunca recolectado en la isla de Key West. <\/p>\n<p><b>H\u00e1bitats:<\/b> Pinares rocosos y hamacas rocosas.<\/p>\n<p><b>Suelos:<\/b> Suelos de piedra caliza h\u00famedos y bien drenados, con o sin capa superior de humus.<\/p>\n<p><b>Requisitos nutricionales:<\/b> De moderados a bajos; prefiere suelos con contenido org\u00e1nico, pero a\u00fan crecer\u00e1 razonablemente bien en suelos pobres en nutrientes.<\/p>\n<p><b>Tolerancia al agua salada:<\/b> Baja; no tolera las inundaciones a largo plazo con agua salada o salobre.<\/p>\n<p><b>Tolerancia al viento salado:<\/b> Baja; el viento salado puede quemar las hojas.<\/p>\n<p><b>Tolerancia a la sequ\u00eda:<\/b> De moderada a alta; las plantas que crecen en suelos extremadamente secos pueden morir durante per\u00edodos prolongados de sequ\u00eda.<\/p>\n<p><b>Requisitos de luz:<\/b> De pleno sol a semisombra.<\/p>\n<p><b>Color de la flor:<\/b> Blanco a rosa.<\/p>\n<p><b>Caracter\u00edsticas de la flor:<\/b> Semillamativa.<\/p>\n<p><b>Temporada de floraci\u00f3n:<\/b> Todo el a\u00f1o.<\/p>\n<p><b>Fruto:<\/b> Baya negra redonda.<\/p>\n<p><b>Notas de horticultura:<\/b> Se puede cultivar a partir de semillas despulpadas.<\/p>\n","protected":false},"excerpt":{"rendered":"<p><img fetchpriority=\"high\" decoding=\"async\" class=\"alignnone size-medium wp-image-54744\" src=\"https:\/\/smartyplantsnursery.com\/wp-content\/uploads\/2023\/04\/Screenshot-2026-03-03-at-2.22.47-PM-300x185.webp\" alt=\"\" width=\"300\" height=\"185\"><\/p>\n<div class=\"container\">\n<div class=\"table-container\">\n<table>\n<thead>\n<tr>\n<th>Tama\u00f1o de la maceta<\/th>\n<th>Altura media plantada (desde la tierra hasta la parte superior de la planta)<\/th>\n<\/tr>\n<\/thead>\n<tbody>\n<tr>\n<td>3 galones\/10&#8243;<\/td>\n<td>1 &#8211; 2 pies<\/td>\n<\/tr>\n<tr>\n<td>7 galones\/14&#8243;<\/td>\n<td>0,6 &#8211; 0,9 m<\/td>\n<\/tr>\n<\/tbody>\n<\/table>\n<\/div>\n<\/div>\n","protected":false},"featured_media":55243,"comment_status":"open","ping_status":"closed","template":"","meta":[],"product_brand":[59,60],"product_cat":[340,304,357,312,311,346,310,355,324,313,326,309,341,308,334,335,323,468,330,303,307],"product_tag":[318,352],"class_list":{"0":"post-55250","1":"product","2":"type-product","3":"status-publish","4":"has-post-thumbnail","6":"product_brand-fann","7":"product_brand-fnps","8":"product_cat-alta","9":"product_cat-arbusto","10":"product_cat-baja-es-3","11":"product_cat-baja-es","12":"product_cat-baja","13":"product_cat-bajo-mantenimiento","14":"product_cat-bien-drenado","15":"product_cat-invierno","16":"product_cat-llamativo","17":"product_cat-moderada-es","18":"product_cat-moderada-es-2","19":"product_cat-moderada","20":"product_cat-nativo","21":"product_cat-otono","22":"product_cat-planta-de-acento","23":"product_cat-pleno-sol","24":"product_cat-primavera","25":"product_cat-roca-2","26":"product_cat-semilla","27":"product_cat-sol-parcial","28":"product_cat-verano","29":"product_tag-blanco","30":"product_tag-rosa","31":"pa_pot-size-3-galones-10","32":"pa_pot-size-7-galones-14","35":"first","36":"instock","37":"taxable","38":"shipping-taxable","39":"purchasable","40":"product-type-variable"},"aioseo_notices":[],"_links":{"self":[{"href":"https:\/\/smartyplantsnursery.com\/es\/wp-json\/wp\/v2\/product\/55250","targetHints":{"allow":["GET"]}}],"collection":[{"href":"https:\/\/smartyplantsnursery.com\/es\/wp-json\/wp\/v2\/product"}],"about":[{"href":"https:\/\/smartyplantsnursery.com\/es\/wp-json\/wp\/v2\/types\/product"}],"replies":[{"embeddable":true,"href":"https:\/\/smartyplantsnursery.com\/es\/wp-json\/wp\/v2\/comments?post=55250"}],"wp:featuredmedia":[{"embeddable":true,"href":"https:\/\/smartyplantsnursery.com\/es\/wp-json\/wp\/v2\/media\/55243"}],"wp:attachment":[{"href":"https:\/\/smartyplantsnursery.com\/es\/wp-json\/wp\/v2\/media?parent=55250"}],"wp:term":[{"taxonomy":"product_brand","embeddable":true,"href":"https:\/\/smartyplantsnursery.com\/es\/wp-json\/wp\/v2\/product_brand?post=55250"},{"taxonomy":"product_cat","embeddable":true,"href":"https:\/\/smartyplantsnursery.com\/es\/wp-json\/wp\/v2\/product_cat?post=55250"},{"taxonomy":"product_tag","embeddable":true,"href":"https:\/\/smartyplantsnursery.com\/es\/wp-json\/wp\/v2\/product_tag?post=55250"}],"curies":[{"name":"wp","href":"https:\/\/api.w.org\/{rel}","templated":true}]}}