{"id":55364,"date":"2026-03-18T13:53:25","date_gmt":"2026-03-18T13:53:25","guid":{"rendered":"https:\/\/smartyplantsnursery.com\/product\/bromelia-guzmania\/"},"modified":"2026-03-18T13:53:25","modified_gmt":"2026-03-18T13:53:25","slug":"bromelia-guzmania","status":"publish","type":"product","link":"https:\/\/smartyplantsnursery.com\/es\/product\/bromelia-guzmania\/","title":{"rendered":"Bromelia &#8211; Guzmania"},"content":{"rendered":"<p><b>Usos paisaj\u00edsticos generales: <\/b>Cubierta vegetal de sotobosque, maceta<\/p>\n<p><b>Notas sobre restauraci\u00f3n ecol\u00f3gica: <\/b>No se utilizan habitualmente para restauraci\u00f3n fuera de sus bosques nubosos tropicales americanos nativos.<\/p>\n<p><b>Descripci\u00f3n: <\/b>Una planta perenne, ep\u00edfita y siempreverde que forma una roseta perfecta en forma de embudo con hojas arqueadas, lisas y en forma de correa<\/p>\n<p><b>Dimensiones:<\/b> Altura 1 &#8211; 2 pies; Extensi\u00f3n 1 &#8211; 2 pies.<\/p>\n<p><b>Tasa de crecimiento:<\/b> moderada<\/p>\n<p><b>Distribuci\u00f3n nativa: <\/b>Am\u00e9rica Central y del Sur, Florida y las Antillas.<\/p>\n<p><b>H\u00e1bitats nativos: <\/b>Selvas tropicales h\u00famedas y bosques nubosos, generalmente creciendo en \u00e1rboles (ep\u00edfitas) o en hojarasca rica.<\/p>\n<p><b>Suelos:<\/b> Bien drenados<\/p>\n<p><b>Requisitos nutricionales:<\/b> De bajos a moderados<\/p>\n<p><b>Tolerancia al agua salada:<\/b> baja<\/p>\n<p><b>Tolerancia al viento salado:<\/b> baja<\/p>\n<p><b>Tolerancia a la sequ\u00eda:<\/b> moderada<\/p>\n<p><b>Requisitos de luz:<\/b> sol parcial<\/p>\n<p><b>Color de la flor: <\/b>Br\u00e1cteas rojas, naranjas, amarillas, moradas<\/p>\n<p><b>Caracter\u00edsticas de la flor: <\/b>Una llamativa espiga (inflorescencia) en forma de estrella o cil\u00edndrica que emerge del centro. El color proviene de las br\u00e1cteas, que se mantienen vibrantes durante meses. <\/p>\n<p><b>Temporada de floraci\u00f3n:<\/b> Todo el a\u00f1o<\/p>\n<p><b>Fruto: <\/b>C\u00e1psulas peque\u00f1as e inconspicuas que contienen semillas con penacho<\/p>\n<p><b>Vida silvestre y ecolog\u00eda: <\/b>El tanque de agua central proporciona un lugar de cr\u00eda crucial para las ranas arbor\u00edcolas tropicales y una fuente de agua para varios insectos y aves peque\u00f1as.<\/p>\n<p><b>Notas hort\u00edcolas: <\/b>Se cultiva a partir de hijuelos<\/p>\n<p><b>Comentarios:<\/b><\/p>\n","protected":false},"excerpt":{"rendered":"<p><img fetchpriority=\"high\" decoding=\"async\" class=\"alignnone size-medium wp-image-54744\" src=\"https:\/\/smartyplantsnursery.com\/wp-content\/uploads\/2023\/04\/Screenshot-2026-03-03-at-2.22.47-PM-300x185.webp\" alt=\"\" width=\"300\" height=\"185\"><\/p>\n<div class=\"container\">\n<div class=\"table-container\">\n<table>\n<thead>\n<tr>\n<th>Tama\u00f1o de la maceta<\/th>\n<th>Altura media plantada (desde la tierra hasta la parte superior de la planta)<\/th>\n<\/tr>\n<\/thead>\n<tbody>\n<tr>\n<td>1 gal\u00f3n\/6&#8243;<\/td>\n<td>0 &#8211; 1 ft.<\/td>\n<\/tr>\n<\/tbody>\n<\/table>\n<\/div>\n<\/div>\n","protected":false},"featured_media":55360,"comment_status":"open","ping_status":"closed","template":"","meta":[],"product_brand":[],"product_cat":[311,312,357,310,321,317,363,302,355,309,313,326,308,323,303,377,347,307],"product_tag":[319,338,351,350],"class_list":{"0":"post-55364","1":"product","2":"type-product","3":"status-publish","4":"has-post-thumbnail","6":"product_cat-baja","7":"product_cat-baja-es","8":"product_cat-baja-es-3","9":"product_cat-bien-drenado","10":"product_cat-cobertura-del-suelo","11":"product_cat-contenedor","12":"product_cat-espiga","13":"product_cat-exotica","14":"product_cat-invierno","15":"product_cat-moderada","16":"product_cat-moderada-es","17":"product_cat-moderada-es-2","18":"product_cat-otono","19":"product_cat-primavera","20":"product_cat-sol-parcial","21":"product_cat-sotobosque","22":"product_cat-vastago","23":"product_cat-verano","24":"product_tag-amarillo","25":"product_tag-morado","26":"product_tag-naranja","27":"product_tag-rojo","28":"pa_pot-size-1-galon-6","31":"first","32":"instock","33":"taxable","34":"shipping-taxable","35":"purchasable","36":"product-type-variable"},"aioseo_notices":[],"_links":{"self":[{"href":"https:\/\/smartyplantsnursery.com\/es\/wp-json\/wp\/v2\/product\/55364","targetHints":{"allow":["GET"]}}],"collection":[{"href":"https:\/\/smartyplantsnursery.com\/es\/wp-json\/wp\/v2\/product"}],"about":[{"href":"https:\/\/smartyplantsnursery.com\/es\/wp-json\/wp\/v2\/types\/product"}],"replies":[{"embeddable":true,"href":"https:\/\/smartyplantsnursery.com\/es\/wp-json\/wp\/v2\/comments?post=55364"}],"wp:featuredmedia":[{"embeddable":true,"href":"https:\/\/smartyplantsnursery.com\/es\/wp-json\/wp\/v2\/media\/55360"}],"wp:attachment":[{"href":"https:\/\/smartyplantsnursery.com\/es\/wp-json\/wp\/v2\/media?parent=55364"}],"wp:term":[{"taxonomy":"product_brand","embeddable":true,"href":"https:\/\/smartyplantsnursery.com\/es\/wp-json\/wp\/v2\/product_brand?post=55364"},{"taxonomy":"product_cat","embeddable":true,"href":"https:\/\/smartyplantsnursery.com\/es\/wp-json\/wp\/v2\/product_cat?post=55364"},{"taxonomy":"product_tag","embeddable":true,"href":"https:\/\/smartyplantsnursery.com\/es\/wp-json\/wp\/v2\/product_tag?post=55364"}],"curies":[{"name":"wp","href":"https:\/\/api.w.org\/{rel}","templated":true}]}}