{"id":55396,"date":"2026-03-19T14:12:33","date_gmt":"2026-03-19T14:12:33","guid":{"rendered":"https:\/\/smartyplantsnursery.com\/product\/llama-del-bosque-llama-de-la-jungla-ixora-enana-ixora-taiwanensis-dwarf-miniature-orange-carmen\/"},"modified":"2026-03-19T14:12:33","modified_gmt":"2026-03-19T14:12:33","slug":"llama-del-bosque-llama-de-la-jungla-ixora-enana-ixora-taiwanensis-dwarf-miniature-orange-carmen","status":"publish","type":"product","link":"https:\/\/smartyplantsnursery.com\/es\/product\/llama-del-bosque-llama-de-la-jungla-ixora-enana-ixora-taiwanensis-dwarf-miniature-orange-carmen\/","title":{"rendered":"Llama del bosque, Llama de la jungla, Ixora enana &#8211; Ixora taiwanensis &#8216;Dwarf Miniature Orange Carmen&#8217;"},"content":{"rendered":"<p><b>Usos generales en jardiner\u00eda: <\/b>Setos formales bajos, cubresuelos, maceta<\/p>\n<p><b>Notas sobre restauraci\u00f3n ecol\u00f3gica:<\/b>Ninguna. Es un cultivar ornamental muy seleccionado. Aunque aporta n\u00e9ctar, no desempe\u00f1a un papel en la restauraci\u00f3n de ecosistemas nativos.  <\/p>\n<p><b>Descripci\u00f3n: <\/b>Arbusto perenne ultracompacto, con hojas el\u00edpticas diminutas, cori\u00e1ceas y de color verde oscuro. Forma de manera natural un &#8220;mont\u00edculo&#8221; redondeado y denso de follaje, cubierto de ramilletes de peque\u00f1as flores. <\/p>\n<p><b>Dimensiones:<\/b> Altura 1 &#8211; 2 pies; Extensi\u00f3n 1 &#8211; 2 pies.<\/p>\n<p><b>Tasa de crecimiento:<\/b> lenta<\/p>\n<p><b>\u00c1rea de distribuci\u00f3n nativa: <\/b>Sur de China y Taiw\u00e1n<\/p>\n<p><b>H\u00e1bitats nativos: <\/b>Matorral tropical y bordes de bosque<\/p>\n<p><b>Suelos:<\/b> Bien drenados<\/p>\n<p><b>Requisitos nutricionales:<\/b> De moderados a altos<\/p>\n<p><b>Tolerancia al agua salada:<\/b> baja<\/p>\n<p><b>Tolerancia al viento salado:<\/b> moderada<\/p>\n<p><b>Tolerancia a la sequ\u00eda:<\/b> De baja a moderada<\/p>\n<p><b>Requisitos de luz:<\/b> Pleno sol a sol parcial<\/p>\n<p><b>Color de la flor: <\/b>Naranja a naranja rojizo<\/p>\n<p><b>Caracter\u00edsticas de la flor: <\/b>Flores peque\u00f1as y tubulares, en racimos apretados, aplanados, tipo &#8220;alfiletero&#8221; (cimas).<\/p>\n<p><b>Temporada de floraci\u00f3n:<\/b> Todo el a\u00f1o<\/p>\n<p><b>Fruto: <\/b>Bayas peque\u00f1as de color morado oscuro a negro (rara vez se producen en este cultivar enano)<\/p>\n<p><b>Fauna y ecolog\u00eda: <\/b>Una fuente de n\u00e9ctar favorita para mariposas (especialmente Hesp\u00e9ridos y Amarillas) y colibr\u00edes.<\/p>\n<p><b>Notas de horticultura:<\/b> Se cultiva a partir de esquejes, acodo a\u00e9reo<\/p>\n<p><b>Comentarios:<\/b><\/p>\n","protected":false},"excerpt":{"rendered":"<p><img fetchpriority=\"high\" decoding=\"async\" class=\"alignnone size-medium wp-image-54744\" src=\"https:\/\/smartyplantsnursery.com\/wp-content\/uploads\/2023\/04\/Screenshot-2026-03-03-at-2.22.47-PM-300x185.webp\" alt=\"\" width=\"300\" height=\"185\"><\/p>\n<div class=\"container\">\n<div class=\"table-container\">\n<table>\n<thead>\n<tr>\n<th>Tama\u00f1o de la maceta<\/th>\n<th>Altura media plantada (desde la tierra hasta la parte superior de la planta)<\/th>\n<\/tr>\n<\/thead>\n<tbody>\n<tr>\n<td>3 galones\/10&#8243;<\/td>\n<td>0 &#8211; 1 pie<\/td>\n<\/tr>\n<tr>\n<td>7 galones\/35 cm<\/td>\n<td>30 &#8211; 60 cm<\/td>\n<\/tr>\n<\/tbody>\n<\/table>\n<\/div>\n<\/div>\n","protected":false},"featured_media":55390,"comment_status":"open","ping_status":"closed","template":"","meta":[],"product_brand":[],"product_cat":[336,348,304,311,329,310,321,317,315,302,355,306,309,313,361,308,358,335,323,372,332,303,333,307],"product_tag":[351],"class_list":{"0":"post-55396","1":"product","2":"type-product","3":"status-publish","4":"has-post-thumbnail","6":"product_cat-acodo-aereo","7":"product_cat-alta-es","8":"product_cat-arbusto","9":"product_cat-baja","10":"product_cat-baja-es-2","11":"product_cat-bien-drenado","12":"product_cat-cobertura-del-suelo","13":"product_cat-contenedor","14":"product_cat-esquejes","15":"product_cat-exotica","16":"product_cat-invierno","17":"product_cat-lenta","18":"product_cat-moderada","19":"product_cat-moderada-es","20":"product_cat-moderada-es-4","21":"product_cat-otono","22":"product_cat-plantas-para-mariposas-plantas-para-polinizadores","23":"product_cat-pleno-sol","24":"product_cat-primavera","25":"product_cat-racimo","26":"product_cat-seto","27":"product_cat-sol-parcial","28":"product_cat-tubular-es","29":"product_cat-verano","30":"product_tag-naranja","31":"pa_pot-size-3-galones-10","32":"pa_pot-size-7-galones-14","35":"first","36":"instock","37":"taxable","38":"shipping-taxable","39":"purchasable","40":"product-type-variable"},"aioseo_notices":[],"_links":{"self":[{"href":"https:\/\/smartyplantsnursery.com\/es\/wp-json\/wp\/v2\/product\/55396","targetHints":{"allow":["GET"]}}],"collection":[{"href":"https:\/\/smartyplantsnursery.com\/es\/wp-json\/wp\/v2\/product"}],"about":[{"href":"https:\/\/smartyplantsnursery.com\/es\/wp-json\/wp\/v2\/types\/product"}],"replies":[{"embeddable":true,"href":"https:\/\/smartyplantsnursery.com\/es\/wp-json\/wp\/v2\/comments?post=55396"}],"wp:featuredmedia":[{"embeddable":true,"href":"https:\/\/smartyplantsnursery.com\/es\/wp-json\/wp\/v2\/media\/55390"}],"wp:attachment":[{"href":"https:\/\/smartyplantsnursery.com\/es\/wp-json\/wp\/v2\/media?parent=55396"}],"wp:term":[{"taxonomy":"product_brand","embeddable":true,"href":"https:\/\/smartyplantsnursery.com\/es\/wp-json\/wp\/v2\/product_brand?post=55396"},{"taxonomy":"product_cat","embeddable":true,"href":"https:\/\/smartyplantsnursery.com\/es\/wp-json\/wp\/v2\/product_cat?post=55396"},{"taxonomy":"product_tag","embeddable":true,"href":"https:\/\/smartyplantsnursery.com\/es\/wp-json\/wp\/v2\/product_tag?post=55396"}],"curies":[{"name":"wp","href":"https:\/\/api.w.org\/{rel}","templated":true}]}}