{"id":56110,"date":"2026-03-24T15:37:29","date_gmt":"2026-03-24T15:37:29","guid":{"rendered":"https:\/\/smartyplantsnursery.com\/product\/roble-enano-blanco-tabebuia-bahamensis\/"},"modified":"2026-03-24T15:37:29","modified_gmt":"2026-03-24T15:37:29","slug":"roble-enano-blanco-tabebuia-bahamensis","status":"publish","type":"product","link":"https:\/\/smartyplantsnursery.com\/es\/product\/roble-enano-blanco-tabebuia-bahamensis\/","title":{"rendered":"Roble enano blanco &#8211; Tabebuia bahamensis"},"content":{"rendered":"<p><b>Usos generales en paisajismo: <\/b>\u00c1rbol ejemplar, planta de acento<\/p>\n<p><b>Notas de restauraci\u00f3n ecol\u00f3gica: <\/b>Un componente vital para la restauraci\u00f3n de bosques de pinos sobre roca y matorrales costeros en su h\u00e1bitat natural<\/p>\n<p><b>Descripci\u00f3n: <\/b>\u00c1rbol peque\u00f1o, a menudo multitronco, de hoja caduca a semicaduca. Destaca por su corteza p\u00e1lida y corchosa y sus hojas palmadas (normalmente 5 fol\u00edolos) con un tono verde plateado o &#8220;polvoriento&#8221; caracter\u00edstico. <\/p>\n<p><b>Dimensiones: <\/b>Altura 4,5 &#8211; 7,5 m; Envergadura 3 &#8211; 4,5 m<\/p>\n<p><b>Tasa de crecimiento:<\/b> Lento a moderado<\/p>\n<p><b>Distribuci\u00f3n natural: <\/b>Bahamas, Islas Turcas y Caicos, y partes de Cuba<\/p>\n<p><b>H\u00e1bitats naturales: <\/b>Formaciones perennifolias de hoja ancha (matorrales), bosques de pinos sobre roca y crestas costeras rocosas.<\/p>\n<p><b>Suelos: <\/b>Bien drenados, rocosos, arenosos, alcalinos<\/p>\n<p><b>Requisitos nutricionales:<\/b> bajos<\/p>\n<p><b>Tolerancia al agua salada:<\/b> moderada<\/p>\n<p><b>Tolerancia al viento salado:<\/b> alta<\/p>\n<p><b>Tolerancia a la sequ\u00eda:<\/b> alta<\/p>\n<p><b>Requisitos de luz:<\/b> pleno sol<\/p>\n<p><b>Color de la flor: <\/b>De rosa p\u00e1lido a blanco con la garganta amarilla<\/p>\n<p><b>Caracter\u00edsticas de la flor: <\/b>Flores en forma de trompeta que crecen en peque\u00f1os racimos.<\/p>\n<p><b>Temporada de floraci\u00f3n:<\/b> Primavera<\/p>\n<p><b>Fruto: <\/b>Vainas verdes largas y delgadas que se vuelven marrones y se abren para liberar semillas aladas dispersadas por el viento.<\/p>\n<p><b>Fauna y ecolog\u00eda: <\/b>Las flores son una fuente importante de n\u00e9ctar para abejas y mariposas. Las aves suelen utilizar la densa estructura de ramas finas para anidar. <\/p>\n<p><b>Notas de horticultura:<\/b> Se propaga por semilla, esquejes<\/p>\n<p><b>Comentarios:<\/b><\/p>\n","protected":false},"excerpt":{"rendered":"<p><img fetchpriority=\"high\" decoding=\"async\" class=\"alignnone size-medium wp-image-54744\" src=\"https:\/\/smartyplantsnursery.com\/wp-content\/uploads\/2023\/04\/Screenshot-2026-03-03-at-2.22.47-PM-300x185.webp\" alt=\"\" width=\"300\" height=\"185\"><\/p>\n<div class=\"container\">\n<div class=\"table-container\">\n<table>\n<thead>\n<tr>\n<th>Tama\u00f1o de la maceta<\/th>\n<th>Altura media plantada (desde la tierra hasta la parte superior de la planta)<\/th>\n<\/tr>\n<\/thead>\n<tbody>\n<tr>\n<td>15 galones\/17&#8243;<\/td>\n<td>2,4 &#8211; 3 m<\/td>\n<\/tr>\n<tr>\n<td>25 galones\/21&#8243;<\/td>\n<td>3 &#8211; 3,6 m<\/td>\n<\/tr>\n<tr>\n<td>45 galones\/28&#8243;<\/td>\n<td>3,7 &#8211; 4,3 m<\/td>\n<\/tr>\n<\/tbody>\n<\/table>\n<\/div>\n<\/div>\n","protected":false},"featured_media":56098,"comment_status":"open","ping_status":"closed","template":"","meta":[],"product_brand":[],"product_cat":[380,362,340,344,359,357,310,315,302,306,360,326,334,314,335,323,372,468,330],"product_tag":[318,352],"class_list":{"0":"post-56110","1":"product","2":"type-product","3":"status-publish","4":"has-post-thumbnail","6":"product_cat-alcalino","7":"product_cat-alta-es-2","8":"product_cat-alta","9":"product_cat-arbol","10":"product_cat-arena","11":"product_cat-baja-es-3","12":"product_cat-bien-drenado","13":"product_cat-esquejes","14":"product_cat-exotica","15":"product_cat-lenta","16":"product_cat-moderada-es-3","17":"product_cat-moderada-es-2","18":"product_cat-planta-de-acento","19":"product_cat-planta-de-especimen","20":"product_cat-pleno-sol","21":"product_cat-primavera","22":"product_cat-racimo","23":"product_cat-roca-2","24":"product_cat-semilla","25":"product_tag-blanco","26":"product_tag-rosa","27":"pa_pot-size-15-galones-17","28":"pa_pot-size-25-galones-21","29":"pa_pot-size-45-galones-28","32":"first","33":"instock","34":"taxable","35":"shipping-taxable","36":"purchasable","37":"product-type-variable"},"aioseo_notices":[],"_links":{"self":[{"href":"https:\/\/smartyplantsnursery.com\/es\/wp-json\/wp\/v2\/product\/56110","targetHints":{"allow":["GET"]}}],"collection":[{"href":"https:\/\/smartyplantsnursery.com\/es\/wp-json\/wp\/v2\/product"}],"about":[{"href":"https:\/\/smartyplantsnursery.com\/es\/wp-json\/wp\/v2\/types\/product"}],"replies":[{"embeddable":true,"href":"https:\/\/smartyplantsnursery.com\/es\/wp-json\/wp\/v2\/comments?post=56110"}],"wp:featuredmedia":[{"embeddable":true,"href":"https:\/\/smartyplantsnursery.com\/es\/wp-json\/wp\/v2\/media\/56098"}],"wp:attachment":[{"href":"https:\/\/smartyplantsnursery.com\/es\/wp-json\/wp\/v2\/media?parent=56110"}],"wp:term":[{"taxonomy":"product_brand","embeddable":true,"href":"https:\/\/smartyplantsnursery.com\/es\/wp-json\/wp\/v2\/product_brand?post=56110"},{"taxonomy":"product_cat","embeddable":true,"href":"https:\/\/smartyplantsnursery.com\/es\/wp-json\/wp\/v2\/product_cat?post=56110"},{"taxonomy":"product_tag","embeddable":true,"href":"https:\/\/smartyplantsnursery.com\/es\/wp-json\/wp\/v2\/product_tag?post=56110"}],"curies":[{"name":"wp","href":"https:\/\/api.w.org\/{rel}","templated":true}]}}