{"id":56132,"date":"2026-03-25T13:49:17","date_gmt":"2026-03-25T13:49:17","guid":{"rendered":"https:\/\/smartyplantsnursery.com\/?post_type=product&#038;p=56132"},"modified":"2026-03-25T14:02:07","modified_gmt":"2026-03-25T14:02:07","slug":"arbol-de-jupiter-japones-arbusto-lagerstroemia-fauriei-natchez-copy","status":"publish","type":"product","link":"https:\/\/smartyplantsnursery.com\/es\/product\/arbol-de-jupiter-japones-arbusto-lagerstroemia-fauriei-natchez-copy\/","title":{"rendered":"Mirto cresp\u00f3n japon\u00e9s (\u00c1rbol) &#8211; Lagerstroemia fauriei &#8216;Natchez&#8217;"},"content":{"rendered":"<p class=\"\"><b class=\"\">Usos paisaj\u00edsticos generales: <\/b>\u00c1rbol de sombra, \u00e1rbol de calle<\/p>\n<p class=\"\"><b class=\"\">Notas de restauraci\u00f3n ecol\u00f3gica: <\/b>Control de la erosi\u00f3n<\/p>\n<p class=\"\"><b class=\"\">Descripci\u00f3n:<\/b> H\u00edbrido de \u00e1rbol de J\u00fapiter<\/p>\n<p class=\"\"><b class=\"\">Dimensiones:<\/b> Altura 25 &#8211; 30 pies; Extensi\u00f3n 20 pies.<\/p>\n<p class=\"\"><b class=\"\">Tasa de crecimiento:<\/b> r\u00e1pida<\/p>\n<p class=\"\"><b class=\"\">Distribuci\u00f3n nativa:<\/b> Jap\u00f3n<\/p>\n<p class=\"\"><b class=\"\">H\u00e1bitats nativos:<\/b> Bosques de tierras bajas y subtropicales, zonas ribere\u00f1as, zonas costeras, estribaciones y laderas de monta\u00f1as<\/p>\n<p class=\"\"><b class=\"\">Suelos:<\/b> Con buen drenaje, arenosos, limosos, arcillosos<\/p>\n<p class=\"\"><b class=\"\">Requisitos nutricionales:<\/b> moderados<\/p>\n<p class=\"\"><b class=\"\">Tolerancia al agua salada:<\/b> moderada<\/p>\n<p class=\"\"><b class=\"\">Tolerancia al viento salino:<\/b> De moderada a alta<\/p>\n<p class=\"\"><b class=\"\">Tolerancia a la sequ\u00eda:<\/b> alta<\/p>\n<p class=\"\"><b class=\"\">Requisitos de luz:<\/b> pleno sol<\/p>\n<p class=\"\"><b class=\"\">Color de la flor:<\/b> Blanco<\/p>\n<p class=\"\"><b class=\"\">Caracter\u00edsticas de la flor:<\/b> Grandes, pan\u00edculas (racimos)<\/p>\n<p class=\"\"><b class=\"\">Temporada de floraci\u00f3n: <\/b>Verano a oto\u00f1o<\/p>\n<p class=\"\"><b class=\"\">Fruto:<\/b> C\u00e1psulas de semillas peque\u00f1as y secas, verdes cuando son inmaduras, que se vuelven marrones y le\u00f1osas a medida que maduran<\/p>\n<p class=\"\"><b class=\"\">Vida silvestre y ecolog\u00eda:<\/b> Apoyo a los polinizadores, h\u00e1bitat de la vida silvestre<\/p>\n<p class=\"\"><b class=\"\">Notas de horticultura:<\/b> Cultivado a partir de esquejes, semillas<\/p>\n<p class=\"\"><b class=\"\">Comentarios:<\/b><\/p>\n<p>&nbsp;<\/p>\n","protected":false},"excerpt":{"rendered":"<p><a href=\"https:\/\/smartyplantsnursery.com\/wp-content\/uploads\/2023\/04\/Screen-Shot-2023-04-22-at-11.28.02-PM.png\"><img decoding=\"async\" class=\"alignnone size-medium wp-image-31863\" src=\"https:\/\/smartyplantsnursery.com\/wp-content\/uploads\/2023\/04\/Screen-Shot-2023-04-22-at-11.28.02-PM-300x134.png\" alt=\"Compre con confianza en el vivero Smarty Plants.\" width=\"300\" height=\"134\"><\/a><\/p>\n<div class=\"container\">\n<div class=\"table-container\">\n<table>\n<thead>\n<tr>\n<th>Tama\u00f1o de la maceta<\/th>\n<th>Altura media plantada (desde la tierra hasta la parte superior de la planta)<\/th>\n<\/tr>\n<\/thead>\n<tbody>\n<tr>\n<td>25 galones\/21&#8243;<\/td>\n<td>8 &#8211; 10 pies<\/td>\n<\/tr>\n<tr>\n<td>45 galones\/28&#8243;<\/td>\n<td>10 &#8211; 12 pies<\/td>\n<\/tr>\n<\/tbody>\n<\/table>\n<\/div>\n","protected":false},"featured_media":56136,"comment_status":"open","ping_status":"closed","template":"","meta":[],"product_brand":[],"product_cat":[340,362,344,371,382,359,310,315,302,369,368,309,360,361,308,335,372,322,330,307],"product_tag":[318],"class_list":{"0":"post-56132","1":"product","2":"type-product","3":"status-publish","4":"has-post-thumbnail","6":"product_cat-alta","7":"product_cat-alta-es-2","8":"product_cat-arbol","9":"product_cat-arbol-de-sombra","10":"product_cat-arcilla","11":"product_cat-arena","12":"product_cat-bien-drenado","13":"product_cat-esquejes","14":"product_cat-exotica","15":"product_cat-franco","16":"product_cat-grande","17":"product_cat-moderada","18":"product_cat-moderada-es-3","19":"product_cat-moderada-es-4","20":"product_cat-otono","21":"product_cat-pleno-sol","22":"product_cat-racimo","23":"product_cat-rapido","24":"product_cat-semilla","25":"product_cat-verano","26":"product_tag-blanco","27":"pa_pot-size-25-galones-21","28":"pa_pot-size-45-galones-28","31":"first","32":"instock","33":"taxable","34":"shipping-taxable","35":"purchasable","36":"product-type-variable"},"aioseo_notices":[],"_links":{"self":[{"href":"https:\/\/smartyplantsnursery.com\/es\/wp-json\/wp\/v2\/product\/56132","targetHints":{"allow":["GET"]}}],"collection":[{"href":"https:\/\/smartyplantsnursery.com\/es\/wp-json\/wp\/v2\/product"}],"about":[{"href":"https:\/\/smartyplantsnursery.com\/es\/wp-json\/wp\/v2\/types\/product"}],"replies":[{"embeddable":true,"href":"https:\/\/smartyplantsnursery.com\/es\/wp-json\/wp\/v2\/comments?post=56132"}],"wp:featuredmedia":[{"embeddable":true,"href":"https:\/\/smartyplantsnursery.com\/es\/wp-json\/wp\/v2\/media\/56136"}],"wp:attachment":[{"href":"https:\/\/smartyplantsnursery.com\/es\/wp-json\/wp\/v2\/media?parent=56132"}],"wp:term":[{"taxonomy":"product_brand","embeddable":true,"href":"https:\/\/smartyplantsnursery.com\/es\/wp-json\/wp\/v2\/product_brand?post=56132"},{"taxonomy":"product_cat","embeddable":true,"href":"https:\/\/smartyplantsnursery.com\/es\/wp-json\/wp\/v2\/product_cat?post=56132"},{"taxonomy":"product_tag","embeddable":true,"href":"https:\/\/smartyplantsnursery.com\/es\/wp-json\/wp\/v2\/product_tag?post=56132"}],"curies":[{"name":"wp","href":"https:\/\/api.w.org\/{rel}","templated":true}]}}