{"id":56184,"date":"2026-03-26T19:08:53","date_gmt":"2026-03-26T19:08:53","guid":{"rendered":"https:\/\/smartyplantsnursery.com\/product\/cocotero-cocos-nucifera-fiji-dwarf\/"},"modified":"2026-03-26T19:08:53","modified_gmt":"2026-03-26T19:08:53","slug":"cocotero-cocos-nucifera-fiji-dwarf","status":"publish","type":"product","link":"https:\/\/smartyplantsnursery.com\/es\/product\/cocotero-cocos-nucifera-fiji-dwarf\/","title":{"rendered":"Cocotero &#8211; Cocos nucifera &#8216;Fiji Dwarf&#8217;"},"content":{"rendered":"<p><b>Usos paisaj\u00edsticos generales: <\/b>Planta de acento<\/p>\n<p><b>Notas sobre restauraci\u00f3n ecol\u00f3gica: <\/b>No se utiliza habitualmente para la restauraci\u00f3n en Am\u00e9rica, ya que es una variedad cultivada no nativa.<\/p>\n<p><b>Descripci\u00f3n: <\/b>Una palmera de tronco \u00fanico con una base notablemente engrosada y una copa densa y exuberante de frondas m\u00e1s cortas y anchas que las variedades &#8216;Altas&#8217;.<\/p>\n<p><b>Dimensiones: <\/b>Altura 4,6 &#8211; 7,6 m; Extensi\u00f3n 4,6 m<\/p>\n<p><b>Tasa de crecimiento:<\/b> Lento a moderado<\/p>\n<p><b>Origen: <\/b>Fiyi<\/p>\n<p><b>H\u00e1bitats nativos: <\/b>Franjas costeras y litorales tropicales arenosos<\/p>\n<p><b>Suelos: <\/b>Bien drenados, arena, de neutros a alcalinos<\/p>\n<p><b>Requisitos nutricionales:<\/b> altos<\/p>\n<p><b>Tolerancia al agua salada:<\/b> alta<\/p>\n<p><b>Tolerancia al viento salado:<\/b> alta<\/p>\n<p><b>Tolerancia a la sequ\u00eda:<\/b> Moderada a alta<\/p>\n<p><b>Requisitos de luz:<\/b> pleno sol<\/p>\n<p><b>Color de la flor:<\/b> Blanco cremoso a amarillo p\u00e1lido<\/p>\n<p><b>Caracter\u00edsticas de la flor: <\/b>Inflorescencia ramificada (esp\u00e1dice) que emerge de una br\u00e1ctea le\u00f1osa en forma de barca (espata).<\/p>\n<p><b>Temporada de floraci\u00f3n:<\/b> Todo el a\u00f1o<\/p>\n<p><b>Fruto: <\/b>Cocos verdes grandes y redondos con un alto volumen de agua dulce y pulpa gruesa.<\/p>\n<p><b>Vida silvestre y ecolog\u00eda: <\/b>Proporciona h\u00e1bitat para varios insectos y cangrejos en zonas costeras. Las flores son una fuente importante de n\u00e9ctar para las abejas mel\u00edferas. <\/p>\n<p><b>Notas de horticultura:<\/b> Se propaga por semilla<\/p>\n<p><b>Comentarios:<\/b><\/p>\n","protected":false},"excerpt":{"rendered":"<p><img fetchpriority=\"high\" decoding=\"async\" class=\"alignnone size-medium wp-image-54744\" src=\"https:\/\/smartyplantsnursery.com\/wp-content\/uploads\/2023\/04\/Screenshot-2026-03-03-at-2.22.47-PM-300x185.webp\" alt=\"\" width=\"300\" height=\"185\"><\/p>\n<div class=\"container\">\n<div class=\"table-container\">\n<table>\n<thead>\n<tr>\n<th>Tama\u00f1o de la maceta<\/th>\n<th>Altura media plantada (desde la tierra hasta la parte superior de la planta)<\/th>\n<\/tr>\n<\/thead>\n<tbody>\n<tr>\n<td>7 galones\/14&#8243;<\/td>\n<td>2 &#8211; 4 pies<\/td>\n<\/tr>\n<tr>\n<td>15 galones\/17&#8243;<\/td>\n<td>4 &#8211; 6 pies<\/td>\n<\/tr>\n<tr>\n<td>45 galones\/28&#8243;<\/td>\n<td>10 &#8211; 12 pies<\/td>\n<\/tr>\n<tr>\n<td>100 galones\/36&#8243;<\/td>\n<td>3,6 &#8211; 4,3 m<\/td>\n<\/tr>\n<\/tbody>\n<\/table>\n<\/div>\n","protected":false},"featured_media":56174,"comment_status":"open","ping_status":"closed","template":"","meta":[],"product_brand":[],"product_cat":[380,348,340,362,376,344,359,310,325,302,355,306,313,326,345,308,334,335,323,330,307],"product_tag":[319,318],"class_list":{"0":"post-56184","1":"product","2":"type-product","3":"status-publish","4":"has-post-thumbnail","6":"product_cat-alcalino","7":"product_cat-alta-es","8":"product_cat-alta","9":"product_cat-alta-es-2","10":"product_cat-alta-es-3","11":"product_cat-arbol","12":"product_cat-arena","13":"product_cat-bien-drenado","14":"product_cat-espata-y-espadice","15":"product_cat-exotica","16":"product_cat-invierno","17":"product_cat-lenta","18":"product_cat-moderada-es","19":"product_cat-moderada-es-2","20":"product_cat-neutro","21":"product_cat-otono","22":"product_cat-planta-de-acento","23":"product_cat-pleno-sol","24":"product_cat-primavera","25":"product_cat-semilla","26":"product_cat-verano","27":"product_tag-amarillo","28":"product_tag-blanco","29":"pa_pot-size-100-galones-36","30":"pa_pot-size-15-galones-17","31":"pa_pot-size-45-galones-28","32":"pa_pot-size-7-galones-14","35":"first","36":"instock","37":"taxable","38":"shipping-taxable","39":"purchasable","40":"product-type-variable"},"aioseo_notices":[],"_links":{"self":[{"href":"https:\/\/smartyplantsnursery.com\/es\/wp-json\/wp\/v2\/product\/56184","targetHints":{"allow":["GET"]}}],"collection":[{"href":"https:\/\/smartyplantsnursery.com\/es\/wp-json\/wp\/v2\/product"}],"about":[{"href":"https:\/\/smartyplantsnursery.com\/es\/wp-json\/wp\/v2\/types\/product"}],"replies":[{"embeddable":true,"href":"https:\/\/smartyplantsnursery.com\/es\/wp-json\/wp\/v2\/comments?post=56184"}],"wp:featuredmedia":[{"embeddable":true,"href":"https:\/\/smartyplantsnursery.com\/es\/wp-json\/wp\/v2\/media\/56174"}],"wp:attachment":[{"href":"https:\/\/smartyplantsnursery.com\/es\/wp-json\/wp\/v2\/media?parent=56184"}],"wp:term":[{"taxonomy":"product_brand","embeddable":true,"href":"https:\/\/smartyplantsnursery.com\/es\/wp-json\/wp\/v2\/product_brand?post=56184"},{"taxonomy":"product_cat","embeddable":true,"href":"https:\/\/smartyplantsnursery.com\/es\/wp-json\/wp\/v2\/product_cat?post=56184"},{"taxonomy":"product_tag","embeddable":true,"href":"https:\/\/smartyplantsnursery.com\/es\/wp-json\/wp\/v2\/product_tag?post=56184"}],"curies":[{"name":"wp","href":"https:\/\/api.w.org\/{rel}","templated":true}]}}