{"id":56236,"date":"2026-03-30T14:18:39","date_gmt":"2026-03-30T14:18:39","guid":{"rendered":"https:\/\/smartyplantsnursery.com\/product\/planta-ostra-enana-variegada-planta-rhoeo-moises-en-la-cuna-tradescantia-spathacea-tricolor\/"},"modified":"2026-03-30T14:18:39","modified_gmt":"2026-03-30T14:18:39","slug":"planta-ostra-enana-variegada-planta-rhoeo-moises-en-la-cuna-tradescantia-spathacea-tricolor","status":"publish","type":"product","link":"https:\/\/smartyplantsnursery.com\/es\/product\/planta-ostra-enana-variegada-planta-rhoeo-moises-en-la-cuna-tradescantia-spathacea-tricolor\/","title":{"rendered":"Planta ostra &#8211; Enana variegada, planta Rhoeo, Mois\u00e9s en la cuna &#8211; Tradescantia spathacea &#8216;Tricolor&#8217;"},"content":{"rendered":"<p><b>Usos generales en el paisaje: <\/b>Cobertora de suelo, borde, contenedor<\/p>\n<p><b>Notas sobre la restauraci\u00f3n ecol\u00f3gica: <\/b>No se utiliza.<\/p>\n<p><b>Descripci\u00f3n: <\/b>Una perenne suculenta de crecimiento en mata, con hojas r\u00edgidas en forma de espada. La cara superior presenta franjas verdes, blancas y rosa rosado, mientras que el env\u00e9s es de un morado intenso uniforme. <\/p>\n<p><b>Dimensiones: <\/b>Altura 6 &#8211; 12 in; extensi\u00f3n 1 &#8211; 2 ft.<\/p>\n<p><b>Tasa de crecimiento:<\/b> moderada<\/p>\n<p><b>\u00c1rea de origen: <\/b>Sur de M\u00e9xico, Belice y Guatemala<\/p>\n<p><b>H\u00e1bitats de origen: <\/b>Suelos sombreados de bosques y afloramientos rocosos en regiones tropicales<\/p>\n<p><b>Suelos:<\/b> Bien drenados, arena, roca<\/p>\n<p><b>Requisitos nutricionales:<\/b> bajos<\/p>\n<p><b>Tolerancia al agua salada:<\/b> baja<\/p>\n<p><b>Tolerancia al viento salino:<\/b> De moderada a alta<\/p>\n<p><b>Tolerancia a la sequ\u00eda:<\/b> alta<\/p>\n<p><b>Requisitos de luz: <\/b>De sol parcial a pleno sol<\/p>\n<p><b>Color de la flor:<\/b> Blanco<\/p>\n<p><b>Caracter\u00edsticas de la flor: <\/b>Flores diminutas de tres p\u00e9talos, resguardadas dentro de br\u00e1cteas moradas en forma de barca<\/p>\n<p><b>Temporada de floraci\u00f3n:<\/b> Todo el a\u00f1o<\/p>\n<p><b>Fruto: <\/b>C\u00e1psulas peque\u00f1as que contienen pocas semillas<\/p>\n<p><b>Fauna y ecolog\u00eda: <\/b>Aporta una peque\u00f1a cantidad de n\u00e9ctar para polinizadores peque\u00f1os; se usa principalmente como h\u00e1bitat estructural para peque\u00f1os invertebrados del jard\u00edn.<\/p>\n<p><b>Notas hort\u00edcolas: <\/b>Propagada por hijuelos, esquejes<\/p>\n<p><b>Comentarios:<\/b><\/p>\n","protected":false},"excerpt":{"rendered":"<p><img fetchpriority=\"high\" decoding=\"async\" class=\"alignnone size-medium wp-image-54744\" src=\"https:\/\/smartyplantsnursery.com\/wp-content\/uploads\/2023\/04\/Screenshot-2026-03-03-at-2.22.47-PM-300x185.webp\" alt=\"\" width=\"300\" height=\"185\"><\/p>\n<div class=\"container\">\n<div class=\"table-container\">\n<table>\n<thead>\n<tr>\n<th>Tama\u00f1o de la maceta<\/th>\n<th>Altura media plantada (desde la tierra hasta la parte superior de la planta)<\/th>\n<\/tr>\n<\/thead>\n<tbody>\n<tr>\n<td>1 gal\u00f3n\/6&#8243;<\/td>\n<td>0 &#8211; 1 ft.<\/td>\n<\/tr>\n<\/tbody>\n<\/table>\n<\/div>\n<\/div>\n","protected":false},"featured_media":56232,"comment_status":"open","ping_status":"closed","template":"","meta":[],"product_brand":[],"product_cat":[222,218,210,204,212,208,246,141,234,65,194,197,217,203,244,81,200,467,83,259,202],"product_tag":[191],"class_list":{"0":"post-56236","1":"product","2":"type-product","3":"status-publish","4":"has-post-thumbnail","6":"product_cat-high-drought-tolerance","7":"product_cat-high-salt-wind-tolerance","8":"product_cat-sand","9":"product_cat-low","10":"product_cat-low-salt-water-tolerance","11":"product_cat-well-drained","12":"product_cat-border","13":"product_cat-groundcover","14":"product_cat-cuttings","15":"product_cat-exotic","16":"product_cat-winter","17":"product_cat-moderate","18":"product_cat-moderate-salt-wind-tolerance","19":"product_cat-fall","20":"product_cat-small","21":"product_cat-full-sun","22":"product_cat-spring","23":"product_cat-rock","24":"product_cat-part-sun","25":"product_cat-offshoot","26":"product_cat-summer-flowering-season","27":"product_tag-white","28":"pa_pot-size-1-gallon-6","31":"first","32":"instock","33":"taxable","34":"shipping-taxable","35":"purchasable","36":"product-type-variable"},"aioseo_notices":[],"_links":{"self":[{"href":"https:\/\/smartyplantsnursery.com\/es\/wp-json\/wp\/v2\/product\/56236","targetHints":{"allow":["GET"]}}],"collection":[{"href":"https:\/\/smartyplantsnursery.com\/es\/wp-json\/wp\/v2\/product"}],"about":[{"href":"https:\/\/smartyplantsnursery.com\/es\/wp-json\/wp\/v2\/types\/product"}],"replies":[{"embeddable":true,"href":"https:\/\/smartyplantsnursery.com\/es\/wp-json\/wp\/v2\/comments?post=56236"}],"wp:featuredmedia":[{"embeddable":true,"href":"https:\/\/smartyplantsnursery.com\/es\/wp-json\/wp\/v2\/media\/56232"}],"wp:attachment":[{"href":"https:\/\/smartyplantsnursery.com\/es\/wp-json\/wp\/v2\/media?parent=56236"}],"wp:term":[{"taxonomy":"product_brand","embeddable":true,"href":"https:\/\/smartyplantsnursery.com\/es\/wp-json\/wp\/v2\/product_brand?post=56236"},{"taxonomy":"product_cat","embeddable":true,"href":"https:\/\/smartyplantsnursery.com\/es\/wp-json\/wp\/v2\/product_cat?post=56236"},{"taxonomy":"product_tag","embeddable":true,"href":"https:\/\/smartyplantsnursery.com\/es\/wp-json\/wp\/v2\/product_tag?post=56236"}],"curies":[{"name":"wp","href":"https:\/\/api.w.org\/{rel}","templated":true}]}}