{"id":56247,"date":"2026-03-30T14:49:03","date_gmt":"2026-03-30T14:49:03","guid":{"rendered":"https:\/\/smartyplantsnursery.com\/product\/jazmin-asiatico-trachelospermum-asiaticum-minima-variegata\/"},"modified":"2026-03-30T14:49:03","modified_gmt":"2026-03-30T14:49:03","slug":"jazmin-asiatico-trachelospermum-asiaticum-minima-variegata","status":"publish","type":"product","link":"https:\/\/smartyplantsnursery.com\/es\/product\/jazmin-asiatico-trachelospermum-asiaticum-minima-variegata\/","title":{"rendered":"Jazm\u00edn asi\u00e1tico &#8211; Trachelospermum asiaticum &#8216;Minima Variegata&#8217;"},"content":{"rendered":"<p><b>Usos paisaj\u00edsticos generales: <\/b>Cubre suelos, costero<\/p>\n<p><b>Notas de restauraci\u00f3n ecol\u00f3gica: <\/b>No se utiliza para restauraci\u00f3n en las Am\u00e9ricas<\/p>\n<p><b>Descripci\u00f3n: <\/b>Una trepadora rastrera, perenne y le\u00f1osa. Sus hojas peque\u00f1as y cori\u00e1ceas est\u00e1n muy jaspeadas con manchas de color blanco crema, plata y, ocasionalmente, toques rosados en los brotes nuevos. <\/p>\n<p><b>Dimensiones: <\/b>Altura 15-30 cm; Extensi\u00f3n 3 m<\/p>\n<p><b>Tasa de crecimiento:<\/b> moderada<\/p>\n<p><b>Distribuci\u00f3n original: <\/b>Jap\u00f3n y Corea<\/p>\n<p><b>H\u00e1bitats naturales: <\/b>Suelos forestales y laderas rocosas donde se arrastra por el suelo o trepa.<\/p>\n<p><b>Suelos: <\/b>Arena, limo, arcilla, pH de \u00e1cido a neutro<\/p>\n<p><b>Requisitos nutricionales:<\/b> bajos<\/p>\n<p><b>Tolerancia al agua salada:<\/b> baja<\/p>\n<p><b>Tolerancia al viento salado:<\/b> alta<\/p>\n<p><b>Tolerancia a la sequ\u00eda:<\/b> alta<\/p>\n<p><b>Requisitos de luz:<\/b> Pleno sol a sombra<\/p>\n<p><b>Color de la flor:<\/b> Blanco cremoso a amarillo p\u00e1lido<\/p>\n<p><b>Caracter\u00edsticas de la flor: <\/b>Peque\u00f1a, en forma de estrella y muy fragante<\/p>\n<p><b>\u00c9poca de floraci\u00f3n: <\/b>De finales de primavera a verano<\/p>\n<p><b>Fruto: <\/b>Vainas delgadas<\/p>\n<p><b>Vida silvestre y ecolog\u00eda: <\/b>Proporciona una excelente cobertura para peque\u00f1as lagartijas de jard\u00edn e insectos beneficiosos. Su manto denso ayuda a refrescar el suelo y a retener la humedad para la \u00abred tr\u00f3fica del suelo\u00bb. <\/p>\n<p><b>Notas de horticultura:<\/b> Se cultiva a partir de esquejes, acodo a\u00e9reo<\/p>\n<p><b>Comentarios:<\/b><\/p>\n","protected":false},"excerpt":{"rendered":"<p><img fetchpriority=\"high\" decoding=\"async\" class=\"alignnone size-medium wp-image-54744\" src=\"https:\/\/smartyplantsnursery.com\/wp-content\/uploads\/2023\/04\/Screenshot-2026-03-03-at-2.22.47-PM-300x185.webp\" alt=\"\" width=\"300\" height=\"185\"><\/p>\n<div class=\"container\">\n<div class=\"table-container\">\n<table>\n<thead>\n<tr>\n<th>Tama\u00f1o de la maceta<\/th>\n<th>Altura media plantada (desde la tierra hasta la parte superior de la planta)<\/th>\n<\/tr>\n<\/thead>\n<tbody>\n<tr>\n<td>1 gal\u00f3n\/6&#8243;<\/td>\n<td>0 &#8211; 1 ft.<\/td>\n<\/tr>\n<\/tbody>\n<\/table>\n<\/div>\n<\/div>\n","protected":false},"featured_media":56243,"comment_status":"open","ping_status":"closed","template":"","meta":[],"product_brand":[],"product_cat":[343,336,340,362,382,359,311,357,321,384,315,302,374,369,326,345,316,335,323,303,349,307],"product_tag":[319,318],"class_list":{"0":"post-56247","1":"product","2":"type-product","3":"status-publish","4":"has-post-thumbnail","6":"product_cat-acido","7":"product_cat-acodo-aereo","8":"product_cat-alta","9":"product_cat-alta-es-2","10":"product_cat-arcilla","11":"product_cat-arena","12":"product_cat-baja","13":"product_cat-baja-es-3","14":"product_cat-cobertura-del-suelo","15":"product_cat-costero","16":"product_cat-esquejes","17":"product_cat-exotica","18":"product_cat-fragante-2","19":"product_cat-franco","20":"product_cat-moderada-es-2","21":"product_cat-neutro","22":"product_cat-pequena","23":"product_cat-pleno-sol","24":"product_cat-primavera","25":"product_cat-sol-parcial","26":"product_cat-sombra","27":"product_cat-verano","28":"product_tag-amarillo","29":"product_tag-blanco","30":"pa_pot-size-1-galon-6","33":"first","34":"instock","35":"taxable","36":"shipping-taxable","37":"purchasable","38":"product-type-variable"},"aioseo_notices":[],"_links":{"self":[{"href":"https:\/\/smartyplantsnursery.com\/es\/wp-json\/wp\/v2\/product\/56247","targetHints":{"allow":["GET"]}}],"collection":[{"href":"https:\/\/smartyplantsnursery.com\/es\/wp-json\/wp\/v2\/product"}],"about":[{"href":"https:\/\/smartyplantsnursery.com\/es\/wp-json\/wp\/v2\/types\/product"}],"replies":[{"embeddable":true,"href":"https:\/\/smartyplantsnursery.com\/es\/wp-json\/wp\/v2\/comments?post=56247"}],"wp:featuredmedia":[{"embeddable":true,"href":"https:\/\/smartyplantsnursery.com\/es\/wp-json\/wp\/v2\/media\/56243"}],"wp:attachment":[{"href":"https:\/\/smartyplantsnursery.com\/es\/wp-json\/wp\/v2\/media?parent=56247"}],"wp:term":[{"taxonomy":"product_brand","embeddable":true,"href":"https:\/\/smartyplantsnursery.com\/es\/wp-json\/wp\/v2\/product_brand?post=56247"},{"taxonomy":"product_cat","embeddable":true,"href":"https:\/\/smartyplantsnursery.com\/es\/wp-json\/wp\/v2\/product_cat?post=56247"},{"taxonomy":"product_tag","embeddable":true,"href":"https:\/\/smartyplantsnursery.com\/es\/wp-json\/wp\/v2\/product_tag?post=56247"}],"curies":[{"name":"wp","href":"https:\/\/api.w.org\/{rel}","templated":true}]}}