{"id":56341,"date":"2026-04-06T15:39:27","date_gmt":"2026-04-06T15:39:27","guid":{"rendered":"https:\/\/smartyplantsnursery.com\/product\/heliconia-firebird-heliconia-stricta-firebird\/"},"modified":"2026-04-06T15:39:27","modified_gmt":"2026-04-06T15:39:27","slug":"heliconia-firebird-heliconia-stricta-firebird","status":"publish","type":"product","link":"https:\/\/smartyplantsnursery.com\/es\/product\/heliconia-firebird-heliconia-stricta-firebird\/","title":{"rendered":"Heliconia Firebird &#8211; Heliconia stricta &#8216;Firebird&#8217;"},"content":{"rendered":"<p><b>Usos generales en paisajismo: <\/b>Acento, pantalla de privacidad, maceta<\/p>\n<p><b>Notas de restauraci\u00f3n ecol\u00f3gica: <\/b>No recomendada por ser un cultivar.<\/p>\n<p><b>Descripci\u00f3n: <\/b>Perenne herb\u00e1cea de grandes hojas verdes tipo platanera. Las &#8220;flores&#8221; son en realidad br\u00e1cteas r\u00edgidas, cerosas y en forma de barco de un rojo fuego brillante. <\/p>\n<p><b>Dimensiones: <\/b>Altura 0,9 &#8211; 1,5 m; Anchura 0,9 &#8211; 1,2 m<\/p>\n<p><b>Tasa de crecimiento:<\/b> r\u00e1pida<\/p>\n<p><b>Distribuci\u00f3n natural: <\/b>Sudam\u00e9rica (principalmente Ecuador, Per\u00fa y Brasil)<\/p>\n<p><b>H\u00e1bitats naturales: <\/b>Selvas tropicales h\u00famedas de tierras bajas y bordes de bosques secundarios<\/p>\n<p><b>Suelos: <\/b>Franco<\/p>\n<p><b>Requisitos nutricionales:<\/b> altos<\/p>\n<p><b>Tolerancia al agua salada:<\/b> baja<\/p>\n<p><b>Tolerancia al viento salado:<\/b> baja<\/p>\n<p><b>Tolerancia a la sequ\u00eda:<\/b> baja<\/p>\n<p><b>Requisitos de luz:<\/b> Pleno sol a sol parcial<\/p>\n<p><b>Color de la flor:<\/b> Rojo<\/p>\n<p><b>Caracter\u00edsticas de la flor: <\/b>Br\u00e1cteas erguidas que parecen pinzas de langosta apiladas. Las flores reales son peque\u00f1as y est\u00e1n ocultas dentro de las br\u00e1cteas rojas. <\/p>\n<p><b>Temporada de floraci\u00f3n:<\/b> Todo el a\u00f1o<\/p>\n<p><b>Fruto: <\/b>Peque\u00f1as drupas azules o p\u00farpuras<\/p>\n<p><b>Fauna y ecolog\u00eda: <\/b>Un im\u00e1n para los colibr\u00edes. Las br\u00e1cteas tambi\u00e9n acumulan peque\u00f1as cantidades de agua, creando un microh\u00e1bitat para insectos beneficiosos. <\/p>\n<p><b>Notas de horticultura:<\/b> Cultivada a partir de divisi\u00f3n<\/p>\n<p><b>Comentarios:<\/b><\/p>\n","protected":false},"excerpt":{"rendered":"<p><img fetchpriority=\"high\" decoding=\"async\" class=\"alignnone size-medium wp-image-54744\" src=\"https:\/\/smartyplantsnursery.com\/wp-content\/uploads\/2023\/04\/Screenshot-2026-03-03-at-2.22.47-PM-300x185.webp\" alt=\"\" width=\"300\" height=\"185\"><\/p>\n<div class=\"container\">\n<div class=\"table-container\">\n<table>\n<thead>\n<tr>\n<th>Tama\u00f1o de la maceta<\/th>\n<th>Altura media plantada (desde la tierra hasta la parte superior de la planta)<\/th>\n<\/tr>\n<\/thead>\n<tbody>\n<tr>\n<td>7 galones\/14&#8243;<\/td>\n<td>2 &#8211; 4 pies<\/td>\n<\/tr>\n<\/tbody>\n<\/table>\n<\/div>\n<\/div>\n","protected":false},"featured_media":56331,"comment_status":"open","ping_status":"closed","template":"","meta":[],"product_brand":[],"product_cat":[348,304,311,312,329,317,331,302,369,355,324,308,378,334,335,323,322,303,307],"product_tag":[350],"class_list":{"0":"post-56341","1":"product","2":"type-product","3":"status-publish","4":"has-post-thumbnail","6":"product_cat-alta-es","7":"product_cat-arbusto","8":"product_cat-baja","9":"product_cat-baja-es","10":"product_cat-baja-es-2","11":"product_cat-contenedor","12":"product_cat-division-es","13":"product_cat-exotica","14":"product_cat-franco","15":"product_cat-invierno","16":"product_cat-llamativo","17":"product_cat-otono","18":"product_cat-pantalla","19":"product_cat-planta-de-acento","20":"product_cat-pleno-sol","21":"product_cat-primavera","22":"product_cat-rapido","23":"product_cat-sol-parcial","24":"product_cat-verano","25":"product_tag-rojo","26":"pa_pot-size-7-galones-14","29":"first","30":"instock","31":"taxable","32":"shipping-taxable","33":"purchasable","34":"product-type-variable"},"aioseo_notices":[],"_links":{"self":[{"href":"https:\/\/smartyplantsnursery.com\/es\/wp-json\/wp\/v2\/product\/56341","targetHints":{"allow":["GET"]}}],"collection":[{"href":"https:\/\/smartyplantsnursery.com\/es\/wp-json\/wp\/v2\/product"}],"about":[{"href":"https:\/\/smartyplantsnursery.com\/es\/wp-json\/wp\/v2\/types\/product"}],"replies":[{"embeddable":true,"href":"https:\/\/smartyplantsnursery.com\/es\/wp-json\/wp\/v2\/comments?post=56341"}],"wp:featuredmedia":[{"embeddable":true,"href":"https:\/\/smartyplantsnursery.com\/es\/wp-json\/wp\/v2\/media\/56331"}],"wp:attachment":[{"href":"https:\/\/smartyplantsnursery.com\/es\/wp-json\/wp\/v2\/media?parent=56341"}],"wp:term":[{"taxonomy":"product_brand","embeddable":true,"href":"https:\/\/smartyplantsnursery.com\/es\/wp-json\/wp\/v2\/product_brand?post=56341"},{"taxonomy":"product_cat","embeddable":true,"href":"https:\/\/smartyplantsnursery.com\/es\/wp-json\/wp\/v2\/product_cat?post=56341"},{"taxonomy":"product_tag","embeddable":true,"href":"https:\/\/smartyplantsnursery.com\/es\/wp-json\/wp\/v2\/product_tag?post=56341"}],"curies":[{"name":"wp","href":"https:\/\/api.w.org\/{rel}","templated":true}]}}