{"id":56398,"date":"2026-04-10T14:24:22","date_gmt":"2026-04-10T14:24:22","guid":{"rendered":"https:\/\/smartyplantsnursery.com\/product\/lirio-crinum-crinum-arboreo-crinum-asiaticum\/"},"modified":"2026-04-10T14:24:22","modified_gmt":"2026-04-10T14:24:22","slug":"lirio-crinum-crinum-arboreo-crinum-asiaticum","status":"publish","type":"product","link":"https:\/\/smartyplantsnursery.com\/es\/product\/lirio-crinum-crinum-arboreo-crinum-asiaticum\/","title":{"rendered":"Lirio Crinum, Crinum arb\u00f3reo &#8211; Crinum asiaticum"},"content":{"rendered":"<p><b>Usos paisaj\u00edsticos generales: <\/b>Planta ejemplar, costera<\/p>\n<p><b>Notas de restauraci\u00f3n ecol\u00f3gica: <\/b>No se suele utilizar para la restauraci\u00f3n en Am\u00e9rica; es nativa del Oc\u00e9ano \u00cdndico y Asia tropical.<\/p>\n<p><b>Descripci\u00f3n: <\/b>Una perenne masiva de hoja perenne con una base gruesa y bulbosa que forma un &#8220;pseudotronco&#8221;. Presenta hojas verdes carnosas, largas y en forma de correa que se arquean con gracia desde el centro. <\/p>\n<p><b>Dimensiones: <\/b>Altura 4 &#8211; 6 pies; Extensi\u00f3n 4 &#8211; 6 pies.<\/p>\n<p><b>Tasa de crecimiento:<\/b> moderada<\/p>\n<p><b>Rango nativo: <\/b>Islas del Oc\u00e9ano \u00cdndico, Asia tropical y las Islas del Pac\u00edfico.<\/p>\n<p><b>H\u00e1bitats nativos: <\/b>Costas arenosas, manglares y marismas costeras<\/p>\n<p><b>Suelos: <\/b>Arena<\/p>\n<p><b>Requisitos nutricionales:<\/b> De bajos a moderados<\/p>\n<p><b>Tolerancia al agua salada:<\/b> alta<\/p>\n<p><b>Tolerancia al viento salado:<\/b> alta<\/p>\n<p><b>Tolerancia a la sequ\u00eda:<\/b> alta<\/p>\n<p><b>Requisitos de luz:<\/b> Pleno sol a sol parcial<\/p>\n<p><b>Color de la flor:<\/b> Blanco<\/p>\n<p><b>Caracter\u00edsticas de la flor: <\/b>Grandes umbelas de flores blancas fragantes, con forma de ara\u00f1a y p\u00e9talos largos y delgados. El aroma es particularmente fuerte por la noche. <\/p>\n<p><b>Temporada de floraci\u00f3n:<\/b> Todo el a\u00f1o<\/p>\n<p><b>Fruto: <\/b>Grandes c\u00e1psulas de semillas verdes, redondeadas y carnosas que se vuelven marrones y se abren al madurar.<\/p>\n<p><b>Vida silvestre y ecolog\u00eda: <\/b>Un gran atractivo para las <b data-path-to-node=\"4,16,1,0\" data-index-in-node=\"23\">polillas esfinge<\/b> (que polinizan las flores por la noche) y las mariposas.<\/p>\n<p><b>Notas hort\u00edcolas: <\/b>Se cultiva a partir de reto\u00f1os, semillas<\/p>\n<p><b>Comentarios:<\/b><\/p>\n","protected":false},"excerpt":{"rendered":"<p><img fetchpriority=\"high\" decoding=\"async\" class=\"alignnone size-medium wp-image-54744\" src=\"https:\/\/smartyplantsnursery.com\/wp-content\/uploads\/2023\/04\/Screenshot-2026-03-03-at-2.22.47-PM-300x185.webp\" alt=\"\" width=\"300\" height=\"185\"><\/p>\n<div class=\"container\">\n<div class=\"table-container\">\n<table>\n<thead>\n<tr>\n<th>Tama\u00f1o de la maceta<\/th>\n<th>Altura media plantada (desde la tierra hasta la parte superior de la planta)<\/th>\n<\/tr>\n<\/thead>\n<tbody>\n<tr>\n<td>3 galones\/10&#8243;<\/td>\n<td>0 &#8211; 1 pie<\/td>\n<\/tr>\n<tr>\n<td>7 galones\/35 cm<\/td>\n<td>30 &#8211; 60 cm<\/td>\n<\/tr>\n<tr>\n<td>15 galones\/17&#8243;<\/td>\n<td>2 &#8211; 3 pies<\/td>\n<\/tr>\n<\/tbody>\n<\/table>\n<\/div>\n<\/div>\n","protected":false},"featured_media":56386,"comment_status":"open","ping_status":"closed","template":"","meta":[],"product_brand":[],"product_cat":[340,362,376,304,359,357,384,302,374,355,309,326,308,314,335,323,330,303,347,307],"product_tag":[318],"class_list":{"0":"post-56398","1":"product","2":"type-product","3":"status-publish","4":"has-post-thumbnail","6":"product_cat-alta","7":"product_cat-alta-es-2","8":"product_cat-alta-es-3","9":"product_cat-arbusto","10":"product_cat-arena","11":"product_cat-baja-es-3","12":"product_cat-costero","13":"product_cat-exotica","14":"product_cat-fragante-2","15":"product_cat-invierno","16":"product_cat-moderada","17":"product_cat-moderada-es-2","18":"product_cat-otono","19":"product_cat-planta-de-especimen","20":"product_cat-pleno-sol","21":"product_cat-primavera","22":"product_cat-semilla","23":"product_cat-sol-parcial","24":"product_cat-vastago","25":"product_cat-verano","26":"product_tag-blanco","27":"pa_pot-size-15-galones-17","28":"pa_pot-size-3-galones-10","29":"pa_pot-size-7-galones-14","32":"first","33":"instock","34":"taxable","35":"shipping-taxable","36":"purchasable","37":"product-type-variable"},"aioseo_notices":[],"_links":{"self":[{"href":"https:\/\/smartyplantsnursery.com\/es\/wp-json\/wp\/v2\/product\/56398","targetHints":{"allow":["GET"]}}],"collection":[{"href":"https:\/\/smartyplantsnursery.com\/es\/wp-json\/wp\/v2\/product"}],"about":[{"href":"https:\/\/smartyplantsnursery.com\/es\/wp-json\/wp\/v2\/types\/product"}],"replies":[{"embeddable":true,"href":"https:\/\/smartyplantsnursery.com\/es\/wp-json\/wp\/v2\/comments?post=56398"}],"wp:featuredmedia":[{"embeddable":true,"href":"https:\/\/smartyplantsnursery.com\/es\/wp-json\/wp\/v2\/media\/56386"}],"wp:attachment":[{"href":"https:\/\/smartyplantsnursery.com\/es\/wp-json\/wp\/v2\/media?parent=56398"}],"wp:term":[{"taxonomy":"product_brand","embeddable":true,"href":"https:\/\/smartyplantsnursery.com\/es\/wp-json\/wp\/v2\/product_brand?post=56398"},{"taxonomy":"product_cat","embeddable":true,"href":"https:\/\/smartyplantsnursery.com\/es\/wp-json\/wp\/v2\/product_cat?post=56398"},{"taxonomy":"product_tag","embeddable":true,"href":"https:\/\/smartyplantsnursery.com\/es\/wp-json\/wp\/v2\/product_tag?post=56398"}],"curies":[{"name":"wp","href":"https:\/\/api.w.org\/{rel}","templated":true}]}}