{"id":56417,"date":"2026-04-10T15:00:29","date_gmt":"2026-04-10T15:00:29","guid":{"rendered":"https:\/\/smartyplantsnursery.com\/product\/eugenia-globulus-espiral-topiaria-syzygium-paniculatum-globulus\/"},"modified":"2026-04-10T15:00:29","modified_gmt":"2026-04-10T15:00:29","slug":"eugenia-globulus-espiral-topiaria-syzygium-paniculatum-globulus","status":"publish","type":"product","link":"https:\/\/smartyplantsnursery.com\/es\/product\/eugenia-globulus-espiral-topiaria-syzygium-paniculatum-globulus\/","title":{"rendered":"Eugenia Globulus &#8211; Espiral Topiaria &#8211; Syzygium paniculatum &#8216;Globulus&#8217;"},"content":{"rendered":"<p><b>Usos generales en paisajismo: <\/b>Acento, contenedor, seto<\/p>\n<p><b>Notas de restauraci\u00f3n ecol\u00f3gica: <\/b>No recomendada por ser un cultivar.<\/p>\n<p><b>Descripci\u00f3n: <\/b>Arbusto denso y perennifolio de hojas peque\u00f1as, brillantes y verde oscuro. El nuevo crecimiento suele brotar con un tinte bronce o rojizo antes de madurar al verde. <\/p>\n<p><b>Dimensiones: <\/b>Altura 3-5 ft; Envergadura 3-5 ft<\/p>\n<p><b>Tasa de crecimiento:<\/b> Lento a moderado<\/p>\n<p><b>Distribuci\u00f3n natural: <\/b>Nueva Gales del Sur, Australia<\/p>\n<p><b>H\u00e1bitats naturales: <\/b>Selvas tropicales costeras y matorrales<\/p>\n<p><b>Suelos:<\/b> Bien drenados<\/p>\n<p><b>Requisitos nutricionales:<\/b> moderados<\/p>\n<p><b>Tolerancia al agua salada:<\/b> baja<\/p>\n<p><b>Tolerancia al viento salado:<\/b> moderada<\/p>\n<p><b>Tolerancia a la sequ\u00eda:<\/b> moderada<\/p>\n<p><b>Requisitos de luz:<\/b> Pleno sol a sol parcial<\/p>\n<p><b>Color de la flor:<\/b> Blanco<\/p>\n<p><b>Caracter\u00edsticas de la flor: <\/b>Flores peque\u00f1as y esponjosas tipo &#8220;pomp\u00f3n&#8221; con estambres prominentes, t\u00edpicas de la familia de las mirt\u00e1ceas.<\/p>\n<p><b>Temporada de floraci\u00f3n:<\/b> Desde finales de primavera hasta verano<\/p>\n<p><b>Fruto: <\/b>Bayas carnosas y comestibles, de color magenta a p\u00farpura.<\/p>\n<p><b>Ecolog\u00eda y vida silvestre: <\/b>Las flores atraen a abejas y mariposas, mientras que las coloridas bayas son las favoritas de los p\u00e1jaros cantores.<\/p>\n<p><b>Notas hort\u00edcolas: <\/b>Cultivado a partir de esquejes o semillas.<\/p>\n<p><b>Comentarios:<\/b><\/p>\n","protected":false},"excerpt":{"rendered":"<p><img fetchpriority=\"high\" decoding=\"async\" class=\"alignnone size-medium wp-image-54744\" src=\"https:\/\/smartyplantsnursery.com\/wp-content\/uploads\/2023\/04\/Screenshot-2026-03-03-at-2.22.47-PM-300x185.webp\" alt=\"\" width=\"300\" height=\"185\"><\/p>\n<div class=\"container\">\n<div class=\"table-container\">\n<table>\n<thead>\n<tr>\n<th>Tama\u00f1o de la maceta<\/th>\n<th>Altura media plantada (desde la tierra hasta la parte superior de la planta)<\/th>\n<\/tr>\n<\/thead>\n<tbody>\n<tr>\n<td>7 galones\/14&#8243;<\/td>\n<td>3 &#8211; 4 pies<\/td>\n<\/tr>\n<tr>\n<td>15 galones\/17&#8243;<\/td>\n<td>1,2 &#8211; 1,5 m<\/td>\n<\/tr>\n<\/tbody>\n<\/table>\n<\/div>\n<\/div>\n","protected":false},"featured_media":56409,"comment_status":"open","ping_status":"closed","template":"","meta":[],"product_brand":[],"product_cat":[304,311,310,317,315,302,306,361,326,309,313,316,334,335,323,330,332,303,307],"product_tag":[318],"class_list":{"0":"post-56417","1":"product","2":"type-product","3":"status-publish","4":"has-post-thumbnail","6":"product_cat-arbusto","7":"product_cat-baja","8":"product_cat-bien-drenado","9":"product_cat-contenedor","10":"product_cat-esquejes","11":"product_cat-exotica","12":"product_cat-lenta","13":"product_cat-moderada-es-4","14":"product_cat-moderada-es-2","15":"product_cat-moderada","16":"product_cat-moderada-es","17":"product_cat-pequena","18":"product_cat-planta-de-acento","19":"product_cat-pleno-sol","20":"product_cat-primavera","21":"product_cat-semilla","22":"product_cat-seto","23":"product_cat-sol-parcial","24":"product_cat-verano","25":"product_tag-blanco","26":"pa_pot-size-15-galones-17","27":"pa_pot-size-7-galones-14","30":"first","31":"instock","32":"taxable","33":"shipping-taxable","34":"purchasable","35":"product-type-variable"},"aioseo_notices":[],"_links":{"self":[{"href":"https:\/\/smartyplantsnursery.com\/es\/wp-json\/wp\/v2\/product\/56417","targetHints":{"allow":["GET"]}}],"collection":[{"href":"https:\/\/smartyplantsnursery.com\/es\/wp-json\/wp\/v2\/product"}],"about":[{"href":"https:\/\/smartyplantsnursery.com\/es\/wp-json\/wp\/v2\/types\/product"}],"replies":[{"embeddable":true,"href":"https:\/\/smartyplantsnursery.com\/es\/wp-json\/wp\/v2\/comments?post=56417"}],"wp:featuredmedia":[{"embeddable":true,"href":"https:\/\/smartyplantsnursery.com\/es\/wp-json\/wp\/v2\/media\/56409"}],"wp:attachment":[{"href":"https:\/\/smartyplantsnursery.com\/es\/wp-json\/wp\/v2\/media?parent=56417"}],"wp:term":[{"taxonomy":"product_brand","embeddable":true,"href":"https:\/\/smartyplantsnursery.com\/es\/wp-json\/wp\/v2\/product_brand?post=56417"},{"taxonomy":"product_cat","embeddable":true,"href":"https:\/\/smartyplantsnursery.com\/es\/wp-json\/wp\/v2\/product_cat?post=56417"},{"taxonomy":"product_tag","embeddable":true,"href":"https:\/\/smartyplantsnursery.com\/es\/wp-json\/wp\/v2\/product_tag?post=56417"}],"curies":[{"name":"wp","href":"https:\/\/api.w.org\/{rel}","templated":true}]}}