{"id":56434,"date":"2026-04-10T15:38:44","date_gmt":"2026-04-10T15:38:44","guid":{"rendered":"https:\/\/smartyplantsnursery.com\/product\/cola-de-rata-azul-hierba-serpiente-de-cayena-verbena-morada-verbena-azul-porterweed-azul-stachytarpheta-cayennensis\/"},"modified":"2026-04-10T15:38:44","modified_gmt":"2026-04-10T15:38:44","slug":"cola-de-rata-azul-hierba-serpiente-de-cayena-verbena-morada-verbena-azul-porterweed-azul-stachytarpheta-cayennensis","status":"publish","type":"product","link":"https:\/\/smartyplantsnursery.com\/es\/product\/cola-de-rata-azul-hierba-serpiente-de-cayena-verbena-morada-verbena-azul-porterweed-azul-stachytarpheta-cayennensis\/","title":{"rendered":"Cola de Rata Azul, Hierba Serpiente de Cayena, Verbena Morada, Verbena Azul, Porterweed Azul &#8211; Stachytarpheta cayennensis"},"content":{"rendered":"<p><b>Usos Paisaj\u00edsticos Generales: <\/b>Jard\u00edn de mariposas, seto<\/p>\n<p><b>Notas de Restauraci\u00f3n Ecol\u00f3gica: <\/b>Generalmente no se utiliza para restauraci\u00f3n en Florida ya que se considera una especie no nativa (aunque naturalizada).<\/p>\n<p><b>Descripci\u00f3n: <\/b>Planta perenne o subarbusto erguido y de m\u00faltiples tallos con hojas verdes ovaladas, \u00e1speras y serradas. Se caracteriza por largas espigas verdes y delgadas que &#8220;serpentean&#8221; hacia arriba desde el follaje. <\/p>\n<p><b>Dimensiones: <\/b>Altura 0,9 &#8211; 1,5 m; Anchura 0,9 &#8211; 1,2 m<\/p>\n<p><b>Tasa de crecimiento:<\/b> r\u00e1pida<\/p>\n<p><b>Distribuci\u00f3n Nativa: <\/b>M\u00e9xico, Am\u00e9rica Central, Am\u00e9rica del Sur y el Caribe<\/p>\n<p><b>H\u00e1bitats Nativos: <\/b>Zonas alteradas, pastizales, bordes de bosque y bordes de carretera<\/p>\n<p><b>Suelos: <\/b>Bien drenados, arena, marga, piedra caliza<\/p>\n<p><b>Requisitos nutricionales:<\/b> bajos<\/p>\n<p><b>Tolerancia al agua salada:<\/b> baja<\/p>\n<p><b>Tolerancia al viento salado:<\/b> moderada<\/p>\n<p><b>Tolerancia a la sequ\u00eda:<\/b> alta<\/p>\n<p><b>Requisitos de luz:<\/b> Pleno sol<\/p>\n<p><b>Color de la Flor: <\/b>Azul intenso a violeta<\/p>\n<p><b>Caracter\u00edsticas de la Flor: <\/b>Flores diminutas de cinco p\u00e9talos que emergen unas pocas a la vez a lo largo de las largas espigas verdes.<\/p>\n<p><b>Temporada de floraci\u00f3n:<\/b> Todo el a\u00f1o<\/p>\n<p><b>Fruto: <\/b>Peque\u00f1as nuececillas ocultas dentro de la espiga floral seca<\/p>\n<p><b>Fauna y Ecolog\u00eda: <\/b>Extremadamente atractiva para casi todas las especies de mariposas (Monarcas, Cebras, mariposas cola de golondrina) y colibr\u00edes.<\/p>\n<p><b>Notas de horticultura:<\/b> Cultivado a partir de esquejes, semillas<\/p>\n<p><b>Comentarios:<\/b><\/p>\n","protected":false},"excerpt":{"rendered":"<p><img fetchpriority=\"high\" decoding=\"async\" class=\"alignnone size-medium wp-image-54744\" src=\"https:\/\/smartyplantsnursery.com\/wp-content\/uploads\/2023\/04\/Screenshot-2026-03-03-at-2.22.47-PM-300x185.webp\" alt=\"\" width=\"300\" height=\"185\"><\/p>\n<div class=\"container\">\n<div class=\"table-container\">\n<table>\n<thead>\n<tr>\n<th>Tama\u00f1o de la maceta<\/th>\n<th>Altura media plantada (desde la tierra hasta la parte superior de la planta)<\/th>\n<\/tr>\n<\/thead>\n<tbody>\n<tr>\n<td>1 gal\u00f3n\/6&#8243;<\/td>\n<td>0 &#8211; 1 ft.<\/td>\n<\/tr>\n<tr>\n<td>3 galones\/10&#8243;<\/td>\n<td>1 &#8211; 2 pies<\/td>\n<\/tr>\n<\/tbody>\n<\/table>\n<\/div>\n<\/div>\n","protected":false},"featured_media":56425,"comment_status":"open","ping_status":"closed","template":"","meta":[],"product_brand":[],"product_cat":[340,304,359,357,311,310,363,315,302,369,355,361,308,316,358,335,323,322,468,330,332,307],"product_tag":[385,388],"class_list":{"0":"post-56434","1":"product","2":"type-product","3":"status-publish","4":"has-post-thumbnail","6":"product_cat-alta","7":"product_cat-arbusto","8":"product_cat-arena","9":"product_cat-baja-es-3","10":"product_cat-baja","11":"product_cat-bien-drenado","12":"product_cat-espiga","13":"product_cat-esquejes","14":"product_cat-exotica","15":"product_cat-franco","16":"product_cat-invierno","17":"product_cat-moderada-es-4","18":"product_cat-otono","19":"product_cat-pequena","20":"product_cat-plantas-para-mariposas-plantas-para-polinizadores","21":"product_cat-pleno-sol","22":"product_cat-primavera","23":"product_cat-rapido","24":"product_cat-roca-2","25":"product_cat-semilla","26":"product_cat-seto","27":"product_cat-verano","28":"product_tag-azul","29":"product_tag-violeta","30":"pa_pot-size-1-galon-6","31":"pa_pot-size-3-galones-10","34":"first","35":"instock","36":"taxable","37":"shipping-taxable","38":"purchasable","39":"product-type-variable"},"aioseo_notices":[],"_links":{"self":[{"href":"https:\/\/smartyplantsnursery.com\/es\/wp-json\/wp\/v2\/product\/56434","targetHints":{"allow":["GET"]}}],"collection":[{"href":"https:\/\/smartyplantsnursery.com\/es\/wp-json\/wp\/v2\/product"}],"about":[{"href":"https:\/\/smartyplantsnursery.com\/es\/wp-json\/wp\/v2\/types\/product"}],"replies":[{"embeddable":true,"href":"https:\/\/smartyplantsnursery.com\/es\/wp-json\/wp\/v2\/comments?post=56434"}],"wp:featuredmedia":[{"embeddable":true,"href":"https:\/\/smartyplantsnursery.com\/es\/wp-json\/wp\/v2\/media\/56425"}],"wp:attachment":[{"href":"https:\/\/smartyplantsnursery.com\/es\/wp-json\/wp\/v2\/media?parent=56434"}],"wp:term":[{"taxonomy":"product_brand","embeddable":true,"href":"https:\/\/smartyplantsnursery.com\/es\/wp-json\/wp\/v2\/product_brand?post=56434"},{"taxonomy":"product_cat","embeddable":true,"href":"https:\/\/smartyplantsnursery.com\/es\/wp-json\/wp\/v2\/product_cat?post=56434"},{"taxonomy":"product_tag","embeddable":true,"href":"https:\/\/smartyplantsnursery.com\/es\/wp-json\/wp\/v2\/product_tag?post=56434"}],"curies":[{"name":"wp","href":"https:\/\/api.w.org\/{rel}","templated":true}]}}