{"id":56495,"date":"2026-04-13T17:58:58","date_gmt":"2026-04-13T17:58:58","guid":{"rendered":"https:\/\/smartyplantsnursery.com\/product\/roca-paisajistica-de-guijarros-de-playa-mexicanos-vigoro-de-04-pies-cubicos-en-bolsa\/"},"modified":"2026-04-13T17:58:58","modified_gmt":"2026-04-13T17:58:58","slug":"roca-paisajistica-de-guijarros-de-playa-mexicanos-vigoro-de-04-pies-cubicos-en-bolsa","status":"publish","type":"product","link":"https:\/\/smartyplantsnursery.com\/es\/product\/roca-paisajistica-de-guijarros-de-playa-mexicanos-vigoro-de-04-pies-cubicos-en-bolsa\/","title":{"rendered":"Roca paisaj\u00edstica de guijarros de playa mexicanos Vigoro de 0,4 pies c\u00fabicos en bolsa"},"content":{"rendered":"<div class=\"sui-flex sui-flex-col sui-gap-2\">\n<p>Los guijarros de playa mexicanos Vigoro de 0,4 pies c\u00fabicos ofrecen piedras seleccionadas a mano de las playas m\u00e1s bellas del mundo. Todos los guijarros de playa mexicanos se crean y pulen de forma natural en su h\u00e1bitat para producir las piedras m\u00e1s lisas y redondeadas para jardines exteriores, dise\u00f1o de interiores y paisajismo. Esta bolsa de guijarros de playa mexicanos es f\u00e1cil de transportar y almacenar para a\u00f1adir un acento hermoso y duradero a tu paisaje y dise\u00f1o. Utiliza guijarros de playa mexicanos como sustituto del mantillo a lo largo de caminos y jardines exteriores, en fuentes, en macetas interiores y exteriores, y en dise\u00f1os creativos de interior y exterior. Aseg\u00farate de consultar nuestra calculadora para determinar el n\u00famero de bolsas de roca de playa mexicana que necesitas para tu proyecto, y nuestra gu\u00eda de compra para obtener consejos y trucos adicionales a considerar.      <\/p>\n<\/div>\n<div>\n<h3 class=\"sui-h3-bold sui-line-clamp-unset sui-font-normal sui-text-primary\">Caracter\u00edsticas destacadas<\/h3>\n<ul class=\"sui-w-full sui-list-disc sui-px-6 sui-flex sui-flex-col sui-gap-2 sui-mt-2\" data-testid=\"bullet-list\">\n<li data-testid=\"bullet-list-item\">Utiliza rocas de playa mexicanas como cubierta decorativa ideal para paisajes, estanques, fuentes de agua o caminos<\/li>\n<li data-testid=\"bullet-list-item\">\u00dasalas para el control de la erosi\u00f3n<\/li>\n<li data-testid=\"bullet-list-item\">Las rocas de tama\u00f1o mediano a\u00f1aden un excelente contraste a un jard\u00edn o aplicaciones interiores<\/li>\n<li data-testid=\"bullet-list-item\">Ayuda a retener la humedad<\/li>\n<li data-testid=\"bullet-list-item\">La cobertura es de 0,12 m\u00b2 a 7,62 cm de profundidad y de 0,22 m\u00b2 a 5,08 cm de profundidad    <\/li>\n<li data-testid=\"bullet-list-item\">La roca paisaj\u00edstica en bolsa pesa 14,51 kg<\/li>\n<\/ul>\n<\/div>\n","protected":false},"excerpt":{"rendered":"<p>Los guijarros de playa mexicanos Vigoro de 0,4 pies c\u00fabicos ofrecen piedras seleccionadas a mano de las playas m\u00e1s bellas del mundo. Todos los guijarros de playa mexicanos se crean y pulen de forma natural en su h\u00e1bitat para producir las piedras m\u00e1s lisas y redondeadas para jardines exteriores, dise\u00f1o de interiores y paisajismo. Esta [&hellip;]<\/p>\n","protected":false},"featured_media":56492,"comment_status":"open","ping_status":"closed","template":"","meta":[],"product_brand":[],"product_cat":[474,419],"product_tag":[],"class_list":{"0":"post-56495","1":"product","2":"type-product","3":"status-publish","4":"has-post-thumbnail","6":"product_cat-roca-3","7":"product_cat-sin-categorizar","10":"first","11":"instock","12":"taxable","13":"shipping-taxable","14":"purchasable","15":"product-type-variable"},"aioseo_notices":[],"_links":{"self":[{"href":"https:\/\/smartyplantsnursery.com\/es\/wp-json\/wp\/v2\/product\/56495","targetHints":{"allow":["GET"]}}],"collection":[{"href":"https:\/\/smartyplantsnursery.com\/es\/wp-json\/wp\/v2\/product"}],"about":[{"href":"https:\/\/smartyplantsnursery.com\/es\/wp-json\/wp\/v2\/types\/product"}],"replies":[{"embeddable":true,"href":"https:\/\/smartyplantsnursery.com\/es\/wp-json\/wp\/v2\/comments?post=56495"}],"wp:featuredmedia":[{"embeddable":true,"href":"https:\/\/smartyplantsnursery.com\/es\/wp-json\/wp\/v2\/media\/56492"}],"wp:attachment":[{"href":"https:\/\/smartyplantsnursery.com\/es\/wp-json\/wp\/v2\/media?parent=56495"}],"wp:term":[{"taxonomy":"product_brand","embeddable":true,"href":"https:\/\/smartyplantsnursery.com\/es\/wp-json\/wp\/v2\/product_brand?post=56495"},{"taxonomy":"product_cat","embeddable":true,"href":"https:\/\/smartyplantsnursery.com\/es\/wp-json\/wp\/v2\/product_cat?post=56495"},{"taxonomy":"product_tag","embeddable":true,"href":"https:\/\/smartyplantsnursery.com\/es\/wp-json\/wp\/v2\/product_tag?post=56495"}],"curies":[{"name":"wp","href":"https:\/\/api.w.org\/{rel}","templated":true}]}}