{"id":56515,"date":"2026-04-13T18:15:16","date_gmt":"2026-04-13T18:15:16","guid":{"rendered":"https:\/\/smartyplantsnursery.com\/product\/milorganite-32-lb-232-m%c2%b2-fertilizante-organico-para-plantas-de-liberacion-lenta-con-nitrogeno-para-jardin-y-cesped-6-4-0\/"},"modified":"2026-04-13T18:15:16","modified_gmt":"2026-04-13T18:15:16","slug":"milorganite-32-lb-232-m%c2%b2-fertilizante-organico-para-plantas-de-liberacion-lenta-con-nitrogeno-para-jardin-y-cesped-6-4-0","status":"publish","type":"product","link":"https:\/\/smartyplantsnursery.com\/es\/product\/milorganite-32-lb-232-m%c2%b2-fertilizante-organico-para-plantas-de-liberacion-lenta-con-nitrogeno-para-jardin-y-cesped-6-4-0\/","title":{"rendered":"Milorganite 32 lb 232 m\u00b2 Fertilizante org\u00e1nico para plantas de liberaci\u00f3n lenta con nitr\u00f3geno para jard\u00edn y c\u00e9sped 6-4-0"},"content":{"rendered":"<div class=\"sui-flex sui-flex-col sui-gap-2\">\n<p>Milorganite es un fertilizante de nitr\u00f3geno de liberaci\u00f3n lenta multiusos que alimenta de forma segura tu c\u00e9sped, flores, hortalizas, arbustos y \u00e1rboles durante hasta 8\u201310 semanas tras la aplicaci\u00f3n. Es ideal para quienes cuidan su c\u00e9sped y quieren un c\u00e9sped verde y frondoso. <\/p>\n<\/div>\n<div>\n<h3 class=\"sui-h3-bold sui-line-clamp-unset sui-font-normal sui-text-primary\">Caracter\u00edsticas destacadas<\/h3>\n<ul class=\"sui-w-full sui-list-disc sui-px-6 sui-flex sui-flex-col sui-gap-2 sui-mt-2\" data-testid=\"bullet-list\">\n<li data-testid=\"bullet-list-item\">Usa este fertilizante de nitr\u00f3geno para c\u00e9sped, \u00e1rboles, arbustos y flores para favorecer un crecimiento saludable<\/li>\n<li data-testid=\"bullet-list-item\">Saco de 32 lb de fertilizante para c\u00e9sped que cubre 232 m\u00b2 para nutrir tus flores, c\u00e9sped o jard\u00edn de esquina a esquina  <\/li>\n<li data-testid=\"bullet-list-item\">Aplica los gr\u00e1nulos de fertilizante de liberaci\u00f3n lenta durante la temporada de crecimiento para lograr un c\u00e9sped verde intenso y plantas fuertes<\/li>\n<li data-testid=\"bullet-list-item\">Cuidado del c\u00e9sped a largo plazo: sigue alimentando hasta 10 semanas, para que no tengas que abonar constantemente<\/li>\n<li data-testid=\"bullet-list-item\">F\u00f3rmula org\u00e1nica que no quema y protege la vegetaci\u00f3n de da\u00f1os<\/li>\n<li data-testid=\"bullet-list-item\">No contiene sales, por lo que es un buen alimento para plantas en condiciones de sequ\u00eda o zonas con restricciones de agua<\/li>\n<li data-testid=\"bullet-list-item\">El fertilizante de jard\u00edn de liberaci\u00f3n lenta no necesita riego tras la aplicaci\u00f3n<\/li>\n<li data-testid=\"bullet-list-item\">Este fertilizante org\u00e1nico para huertos se mantiene en la zona de las ra\u00edces, evitando la contaminaci\u00f3n de aguas subterr\u00e1neas o de pozos<\/li>\n<li data-testid=\"bullet-list-item\">Se mantiene en la zona de las ra\u00edces, evitando la contaminaci\u00f3n de aguas subterr\u00e1neas o de pozos<\/li>\n<\/ul>\n<\/div>\n","protected":false},"excerpt":{"rendered":"<p>Milorganite es un fertilizante de nitr\u00f3geno de liberaci\u00f3n lenta multiusos que alimenta de forma segura tu c\u00e9sped, flores, hortalizas, arbustos y \u00e1rboles durante hasta 8\u201310 semanas tras la aplicaci\u00f3n. Es ideal para quienes cuidan su c\u00e9sped y quieren un c\u00e9sped verde y frondoso. Caracter\u00edsticas destacadas Usa este fertilizante de nitr\u00f3geno para c\u00e9sped, \u00e1rboles, arbustos y [&hellip;]<\/p>\n","protected":false},"featured_media":56512,"comment_status":"open","ping_status":"closed","template":"","meta":[],"product_brand":[],"product_cat":[457],"product_tag":[],"class_list":{"0":"post-56515","1":"product","2":"type-product","3":"status-publish","4":"has-post-thumbnail","6":"product_cat-fertilizer","9":"first","10":"instock","11":"taxable","12":"shipping-taxable","13":"purchasable","14":"product-type-variable"},"aioseo_notices":[],"_links":{"self":[{"href":"https:\/\/smartyplantsnursery.com\/es\/wp-json\/wp\/v2\/product\/56515","targetHints":{"allow":["GET"]}}],"collection":[{"href":"https:\/\/smartyplantsnursery.com\/es\/wp-json\/wp\/v2\/product"}],"about":[{"href":"https:\/\/smartyplantsnursery.com\/es\/wp-json\/wp\/v2\/types\/product"}],"replies":[{"embeddable":true,"href":"https:\/\/smartyplantsnursery.com\/es\/wp-json\/wp\/v2\/comments?post=56515"}],"wp:featuredmedia":[{"embeddable":true,"href":"https:\/\/smartyplantsnursery.com\/es\/wp-json\/wp\/v2\/media\/56512"}],"wp:attachment":[{"href":"https:\/\/smartyplantsnursery.com\/es\/wp-json\/wp\/v2\/media?parent=56515"}],"wp:term":[{"taxonomy":"product_brand","embeddable":true,"href":"https:\/\/smartyplantsnursery.com\/es\/wp-json\/wp\/v2\/product_brand?post=56515"},{"taxonomy":"product_cat","embeddable":true,"href":"https:\/\/smartyplantsnursery.com\/es\/wp-json\/wp\/v2\/product_cat?post=56515"},{"taxonomy":"product_tag","embeddable":true,"href":"https:\/\/smartyplantsnursery.com\/es\/wp-json\/wp\/v2\/product_tag?post=56515"}],"curies":[{"name":"wp","href":"https:\/\/api.w.org\/{rel}","templated":true}]}}