{"id":56531,"date":"2026-04-13T18:55:04","date_gmt":"2026-04-13T18:55:04","guid":{"rendered":"https:\/\/smartyplantsnursery.com\/product\/vigoro-040-cu-ft-3-in-a-5-in-30-lbs-guijarros-de-playa-del-caribe-tipo-piedra-de-huevo-grande\/"},"modified":"2026-04-13T18:55:04","modified_gmt":"2026-04-13T18:55:04","slug":"vigoro-040-cu-ft-3-in-a-5-in-30-lbs-guijarros-de-playa-del-caribe-tipo-piedra-de-huevo-grande","status":"publish","type":"product","link":"https:\/\/smartyplantsnursery.com\/es\/product\/vigoro-040-cu-ft-3-in-a-5-in-30-lbs-guijarros-de-playa-del-caribe-tipo-piedra-de-huevo-grande\/","title":{"rendered":"Vigoro 0,40 cu. ft. 3 in. a 5 in. 30 lbs. Guijarros de playa del Caribe tipo piedra de huevo grande"},"content":{"rendered":"<div class=\"sui-flex sui-flex-col sui-gap-2\">\n<p>La colecci\u00f3n Beach Pebble de Margo Garden Products ofrece piedras seleccionadas a mano de las playas m\u00e1s hermosas del mundo. Todas las piedras son de origen natural y est\u00e1n pulidas para crear guijarros suaves y redondeados para el paisajismo exterior y como detalles decorativos de interior. Estos guijarros vienen en una bolsa dise\u00f1ada para facilitar su manejo, aplicaci\u00f3n y almacenamiento en proyectos de todos los tama\u00f1os. Utiliza los guijarros de playa del Caribe como sustituto del mantillo en senderos y jardines exteriores, en fuentes, en macetas y en dise\u00f1os creativos de acentuaci\u00f3n interior y paisajismo exterior.   <\/p>\n<\/div>\n<div>\n<h3 class=\"sui-h3-bold sui-line-clamp-unset sui-font-normal sui-text-primary\">Caracter\u00edsticas destacadas<\/h3>\n<ul class=\"sui-w-full sui-list-disc sui-px-6 sui-flex sui-flex-col sui-gap-2 sui-mt-2\" data-testid=\"bullet-list\">\n<li data-testid=\"bullet-list-item\">F\u00e1cil de combinar<\/li>\n<li data-testid=\"bullet-list-item\">Color consistente y duradero<\/li>\n<li data-testid=\"bullet-list-item\">Ayuda al suelo a retener la humedad, evita la erosi\u00f3n<\/li>\n<li data-testid=\"bullet-list-item\">Color blanco natural muy codiciado<\/li>\n<li data-testid=\"bullet-list-item\">0,4 cu. ft. de piedras de paisajismo con forma de huevo <\/li>\n<li data-testid=\"bullet-list-item\">\u00c1rea de cobertura de 1,5 sq. ft. a 3 in. de profundidad, 2,38 sq. ft. a 2 in. de profundidad    <\/li>\n<li data-testid=\"bullet-list-item\">Los guijarros var\u00edan en tama\u00f1o de: 3 in. a 5 in. <\/li>\n<li data-testid=\"bullet-list-item\">Los guijarros var\u00edan en tama\u00f1o en el lado m\u00e1s largo: 10 cm a 15 cm<\/li>\n<li data-testid=\"bullet-list-item\">30 lbs.<\/li>\n<\/ul>\n<\/div>\n","protected":false},"excerpt":{"rendered":"<p>La colecci\u00f3n Beach Pebble de Margo Garden Products ofrece piedras seleccionadas a mano de las playas m\u00e1s hermosas del mundo. Todas las piedras son de origen natural y est\u00e1n pulidas para crear guijarros suaves y redondeados para el paisajismo exterior y como detalles decorativos de interior. Estos guijarros vienen en una bolsa dise\u00f1ada para facilitar [&hellip;]<\/p>\n","protected":false},"featured_media":56526,"comment_status":"open","ping_status":"closed","template":"","meta":[],"product_brand":[],"product_cat":[290],"product_tag":[],"class_list":{"0":"post-56531","1":"product","2":"type-product","3":"status-publish","4":"has-post-thumbnail","6":"product_cat-uncategorized","9":"first","10":"instock","11":"taxable","12":"shipping-taxable","13":"purchasable","14":"product-type-variable"},"aioseo_notices":[],"_links":{"self":[{"href":"https:\/\/smartyplantsnursery.com\/es\/wp-json\/wp\/v2\/product\/56531","targetHints":{"allow":["GET"]}}],"collection":[{"href":"https:\/\/smartyplantsnursery.com\/es\/wp-json\/wp\/v2\/product"}],"about":[{"href":"https:\/\/smartyplantsnursery.com\/es\/wp-json\/wp\/v2\/types\/product"}],"replies":[{"embeddable":true,"href":"https:\/\/smartyplantsnursery.com\/es\/wp-json\/wp\/v2\/comments?post=56531"}],"wp:featuredmedia":[{"embeddable":true,"href":"https:\/\/smartyplantsnursery.com\/es\/wp-json\/wp\/v2\/media\/56526"}],"wp:attachment":[{"href":"https:\/\/smartyplantsnursery.com\/es\/wp-json\/wp\/v2\/media?parent=56531"}],"wp:term":[{"taxonomy":"product_brand","embeddable":true,"href":"https:\/\/smartyplantsnursery.com\/es\/wp-json\/wp\/v2\/product_brand?post=56531"},{"taxonomy":"product_cat","embeddable":true,"href":"https:\/\/smartyplantsnursery.com\/es\/wp-json\/wp\/v2\/product_cat?post=56531"},{"taxonomy":"product_tag","embeddable":true,"href":"https:\/\/smartyplantsnursery.com\/es\/wp-json\/wp\/v2\/product_tag?post=56531"}],"curies":[{"name":"wp","href":"https:\/\/api.w.org\/{rel}","templated":true}]}}