{"id":56587,"date":"2026-04-18T22:29:41","date_gmt":"2026-04-18T22:29:41","guid":{"rendered":"https:\/\/smartyplantsnursery.com\/product\/hibisco-tropical-arbol-hibiscus-rosa-sinensis-anderson-crepe\/"},"modified":"2026-04-18T22:29:41","modified_gmt":"2026-04-18T22:29:41","slug":"hibisco-tropical-arbol-hibiscus-rosa-sinensis-anderson-crepe","status":"publish","type":"product","link":"https:\/\/smartyplantsnursery.com\/es\/product\/hibisco-tropical-arbol-hibiscus-rosa-sinensis-anderson-crepe\/","title":{"rendered":"Hibisco tropical (\u00e1rbol) &#8211; Hibiscus rosa-sinensis &#8216;Anderson Crepe&#8217;"},"content":{"rendered":"<p><b>Usos generales en paisajismo: <\/b>Planta ejemplar<\/p>\n<p><b>Notas de restauraci\u00f3n ecol\u00f3gica: <\/b>No recomendada por ser un cultivar.<\/p>\n<p><b>Descripci\u00f3n: <\/b>Arbusto perennifolio grande y vigoroso con un h\u00e1bito de crecimiento algo m\u00e1s abierto y ligero que otras variedades. Las hojas son de color verde medio, dentadas y brillantes. <\/p>\n<p><b>Dimensiones:<\/b> Altura 1,8 &#8211; 3 m; Extensi\u00f3n 1,5 &#8211; 2,4 m<\/p>\n<p><b>Tasa de crecimiento:<\/b> r\u00e1pida<\/p>\n<p><b>Distribuci\u00f3n nativa:<\/b> Asia tropical<\/p>\n<p><b>H\u00e1bitats nativos: <\/b>M\u00e1rgenes subtropicales y tropicales<\/p>\n<p><b>Suelos: <\/b>Bien drenados, de \u00e1cidos a neutros<\/p>\n<p><b>Requisitos nutricionales:<\/b> altos<\/p>\n<p><b>Tolerancia al agua salada:<\/b> baja<\/p>\n<p><b>Tolerancia al viento salado:<\/b> moderada<\/p>\n<p><b>Tolerancia a la sequ\u00eda:<\/b> moderada<\/p>\n<p><b>Requisitos de luz:<\/b> Pleno sol<\/p>\n<p><b>Color de la flor:<\/b> Rosa<\/p>\n<p><b>Caracter\u00edsticas de la flor: <\/b>Flores de tama\u00f1o medio y p\u00e9talo \u00fanico con una textura arrugada caracter\u00edstica que recuerda al papel crep\u00e9. Presenta un estambre central largo y prominente. <\/p>\n<p><b>Temporada de floraci\u00f3n:<\/b> Todo el a\u00f1o<\/p>\n<p><b>Fruto: <\/b>Insignificante<\/p>\n<p><b>Fauna y ecolog\u00eda: <\/b>Muy atractivo para colibr\u00edes, abejas y mariposas<\/p>\n<p><b>Notas de horticultura:<\/b> Se cultiva a partir de esquejes<\/p>\n<p><b>Comentarios:<\/b><\/p>\n","protected":false},"excerpt":{"rendered":"<p><img fetchpriority=\"high\" decoding=\"async\" class=\"alignnone size-medium wp-image-54744\" src=\"https:\/\/smartyplantsnursery.com\/wp-content\/uploads\/2023\/04\/Screenshot-2026-03-03-at-2.22.47-PM-300x185.webp\" alt=\"\" width=\"300\" height=\"185\"><\/p>\n<div class=\"container\">\n<div class=\"table-container\">\n<table>\n<thead>\n<tr>\n<th>Tama\u00f1o de la maceta<\/th>\n<th>Altura media plantada (desde la tierra hasta la parte superior de la planta)<\/th>\n<\/tr>\n<\/thead>\n<tbody>\n<tr>\n<td>25 galones\/21&#8243;<\/td>\n<td>6 &#8211; 8 pies<\/td>\n<\/tr>\n<\/tbody>\n<\/table>\n<\/div>\n<\/div>\n","protected":false},"featured_media":56581,"comment_status":"open","ping_status":"closed","template":"","meta":[],"product_brand":[],"product_cat":[239,206,138,212,208,234,65,194,224,278,217,221,250,203,232,81,200,198,202],"product_tag":[249],"class_list":{"0":"post-56587","1":"product","2":"type-product","3":"status-publish","4":"has-post-thumbnail","6":"product_cat-acidic","7":"product_cat-high","8":"product_cat-tree","9":"product_cat-low-salt-water-tolerance","10":"product_cat-well-drained","11":"product_cat-cuttings","12":"product_cat-exotic","13":"product_cat-winter","14":"product_cat-showy","15":"product_cat-medium","16":"product_cat-moderate-salt-wind-tolerance","17":"product_cat-moderate-drought-tolerance","18":"product_cat-neutral","19":"product_cat-fall","20":"product_cat-specimen-plant","21":"product_cat-full-sun","22":"product_cat-spring","23":"product_cat-fast","24":"product_cat-summer-flowering-season","25":"product_tag-pink","26":"pa_pot-size-25-gallon-21","29":"first","30":"instock","31":"taxable","32":"shipping-taxable","33":"purchasable","34":"product-type-variable"},"aioseo_notices":[],"_links":{"self":[{"href":"https:\/\/smartyplantsnursery.com\/es\/wp-json\/wp\/v2\/product\/56587","targetHints":{"allow":["GET"]}}],"collection":[{"href":"https:\/\/smartyplantsnursery.com\/es\/wp-json\/wp\/v2\/product"}],"about":[{"href":"https:\/\/smartyplantsnursery.com\/es\/wp-json\/wp\/v2\/types\/product"}],"replies":[{"embeddable":true,"href":"https:\/\/smartyplantsnursery.com\/es\/wp-json\/wp\/v2\/comments?post=56587"}],"wp:featuredmedia":[{"embeddable":true,"href":"https:\/\/smartyplantsnursery.com\/es\/wp-json\/wp\/v2\/media\/56581"}],"wp:attachment":[{"href":"https:\/\/smartyplantsnursery.com\/es\/wp-json\/wp\/v2\/media?parent=56587"}],"wp:term":[{"taxonomy":"product_brand","embeddable":true,"href":"https:\/\/smartyplantsnursery.com\/es\/wp-json\/wp\/v2\/product_brand?post=56587"},{"taxonomy":"product_cat","embeddable":true,"href":"https:\/\/smartyplantsnursery.com\/es\/wp-json\/wp\/v2\/product_cat?post=56587"},{"taxonomy":"product_tag","embeddable":true,"href":"https:\/\/smartyplantsnursery.com\/es\/wp-json\/wp\/v2\/product_tag?post=56587"}],"curies":[{"name":"wp","href":"https:\/\/api.w.org\/{rel}","templated":true}]}}