{"id":56830,"date":"2026-04-30T15:27:17","date_gmt":"2026-04-30T15:27:17","guid":{"rendered":"https:\/\/smartyplantsnursery.com\/product\/inkwood-exothea-paniculata\/"},"modified":"2026-04-30T15:34:02","modified_gmt":"2026-04-30T15:34:02","slug":"inkwood-exothea-paniculata","status":"publish","type":"product","link":"https:\/\/smartyplantsnursery.com\/es\/product\/inkwood-exothea-paniculata\/","title":{"rendered":"Inkwood &#8211; Exothea paniculata"},"content":{"rendered":"<p><b>Usos paisaj\u00edsticos generales:<\/b> Un excelente \u00e1rbol ornamental para paisajes residenciales y comerciales, especialmente a lo largo de la costa. Tambi\u00e9n \u00fatil en plantaciones de barrera. <\/p>\n<p><b>Notas de restauraci\u00f3n ecol\u00f3gica:<\/b> Un \u00e1rbol de sotobosque o dosel relativamente com\u00fan en zonas rocosas y bosques costeros.<\/p>\n<p><b>Descripci\u00f3n:<\/b> \u00c1rbol mediano con troncos altos y una copa densa compuesta por ramas esbeltas y erguidas. Troncos de 15-38 cm de di\u00e1metro. Corteza rojiza-marr\u00f3n, moteada, fina, que se separa en grandes escamas y est\u00e1 cubierta de lenticelas. Hojas compuestas, fol\u00edolos 2-6, normalmente 4, firmes, de color verde oscuro y brillantes por encima, de 5-12,5 cm de largo.   <\/p>\n<p><b>Dimensiones:<\/b> T\u00edpicamente de 7,5-10,5 metros de altura; hasta 13,5 metros en el sur de Florida. M\u00e1s alto que ancho, excepto cuando es joven, que la planta puede ser bastante tupida. <\/p>\n<p><b>Tasa de crecimiento:<\/b> De moderada a lenta.<\/p>\n<p><b>Distribuci\u00f3n nativa:<\/b> Cayos del condado de Monroe, al norte, principalmente a lo largo de la costa hasta los condados de Collier y Volusia; Indias Occidentales, M\u00e9xico y Am\u00e9rica Central.<\/p>\n<p><b>H\u00e1bitats nativos:<\/b> Bosques.<\/p>\n<p><b>Suelos:<\/b> Suelos arenosos o calizos h\u00famedos y bien drenados, con una capa superior rica en humus.<\/p>\n<p><b>Requisitos nutricionales:<\/b> De moderados a altos; crece mejor con cierto contenido org\u00e1nico y puede languidecer en suelos pobres en nutrientes.<\/p>\n<p><b>Tolerancia al agua salada:<\/b> Baja; no tolera las inundaciones a largo plazo con agua salada o salobre.<\/p>\n<p><b>Tolerancia al viento salino:<\/b> Moderada; crece cerca del agua salada, pero est\u00e1 protegido de la pulverizaci\u00f3n directa de sal por otra vegetaci\u00f3n.<\/p>\n<p><b>Tolerancia a la sequ\u00eda:<\/b> Moderada; generalmente requiere suelos h\u00famedos, pero es tolerante a cortos per\u00edodos de sequ\u00eda una vez establecido.<\/p>\n<p><b>Requisitos de luz:<\/b> De semisombra a pleno sol.<\/p>\n<p><b>Color de la flor:<\/b> Blanca, con un disco naranja en el centro.<\/p>\n<p><b>Caracter\u00edsticas de la flor:<\/b> Semillamativa. Fragante.  Dioico, con flores masculinas y femeninas en plantas diferentes, o poligamodioico, con algunas flores del sexo opuesto o flores bisexuales en la misma planta.<\/p>\n<p><b>\u00c9poca de floraci\u00f3n:<\/b> Invierno-verano; pico en primavera.<\/p>\n<p><b>Fruto:<\/b> Baya de 1,25 cm de ancho, naranja o rojiza-marr\u00f3n, que se vuelve p\u00farpura oscuro al madurar. De verano a oto\u00f1o. <\/p>\n<p><b>Vida silvestre y ecolog\u00eda:<\/b> Proporciona alimento y cobertura significativos para la vida silvestre. Atrae a polinizadores y aves frug\u00edvoras.<\/p>\n<p><b>Notas hort\u00edcolas:<\/b> Se puede cultivar a partir de semillas con cierta dificultad, pero las pl\u00e1ntulas se establecen bien bajo las plantas madre. Las pl\u00e1ntulas se pueden trasplantar sin dificultad, pero las ra\u00edces a menudo tardan en establecerse y puede ser necesario el uso de estacas. Se cultiva mejor a la sombra ligera cuando es joven.  <\/p>\n<p><b>Comentarios:<\/b> Un atractivo \u00e1rbol mediano con follaje denso que se mantiene cerca del suelo durante muchos a\u00f1os. La madera es muy dura, pesada y duradera, y muy utilizada para artesan\u00eda y construcci\u00f3n. La corteza y las bayas se utilizan para hacer una sustancia similar a la tinta casera en las Indias Occidentales.  <\/p>\n","protected":false},"excerpt":{"rendered":"<p><img fetchpriority=\"high\" decoding=\"async\" class=\"alignnone size-medium wp-image-54744\" src=\"https:\/\/smartyplantsnursery.com\/wp-content\/uploads\/2023\/04\/Screenshot-2026-03-03-at-2.22.47-PM-300x185.webp\" alt=\"\" width=\"300\" height=\"185\"><\/p>\n<div class=\"container\">\n<div class=\"table-container\">\n<table>\n<thead>\n<tr>\n<th>Tama\u00f1o de la maceta<\/th>\n<th>Altura media plantada (desde la tierra hasta la parte superior de la planta)<\/th>\n<\/tr>\n<\/thead>\n<tbody>\n<tr>\n<td>3 galones\/10&#8243;<\/td>\n<td>1 &#8211; 2 pies<\/td>\n<\/tr>\n<\/tbody>\n<\/table>\n<\/div>\n<\/div>\n","protected":false},"featured_media":56823,"comment_status":"open","ping_status":"closed","template":"","meta":[],"product_brand":[],"product_cat":[348,344,311,310,366,374,306,324,326,313,309,361,341,334,335,323,468,330,303],"product_tag":[],"class_list":{"0":"post-56830","1":"product","2":"type-product","3":"status-publish","4":"has-post-thumbnail","6":"product_cat-alta-es","7":"product_cat-arbol","8":"product_cat-baja","9":"product_cat-bien-drenado","10":"product_cat-dioico","11":"product_cat-fragante-2","12":"product_cat-lenta","13":"product_cat-llamativo","14":"product_cat-moderada-es-2","15":"product_cat-moderada-es","16":"product_cat-moderada","17":"product_cat-moderada-es-4","18":"product_cat-nativo","19":"product_cat-planta-de-acento","20":"product_cat-pleno-sol","21":"product_cat-primavera","22":"product_cat-roca-2","23":"product_cat-semilla","24":"product_cat-sol-parcial","25":"pa_pot-size-3-galones-10","28":"first","29":"instock","30":"taxable","31":"shipping-taxable","32":"purchasable","33":"product-type-variable"},"aioseo_notices":[],"_links":{"self":[{"href":"https:\/\/smartyplantsnursery.com\/es\/wp-json\/wp\/v2\/product\/56830","targetHints":{"allow":["GET"]}}],"collection":[{"href":"https:\/\/smartyplantsnursery.com\/es\/wp-json\/wp\/v2\/product"}],"about":[{"href":"https:\/\/smartyplantsnursery.com\/es\/wp-json\/wp\/v2\/types\/product"}],"replies":[{"embeddable":true,"href":"https:\/\/smartyplantsnursery.com\/es\/wp-json\/wp\/v2\/comments?post=56830"}],"wp:featuredmedia":[{"embeddable":true,"href":"https:\/\/smartyplantsnursery.com\/es\/wp-json\/wp\/v2\/media\/56823"}],"wp:attachment":[{"href":"https:\/\/smartyplantsnursery.com\/es\/wp-json\/wp\/v2\/media?parent=56830"}],"wp:term":[{"taxonomy":"product_brand","embeddable":true,"href":"https:\/\/smartyplantsnursery.com\/es\/wp-json\/wp\/v2\/product_brand?post=56830"},{"taxonomy":"product_cat","embeddable":true,"href":"https:\/\/smartyplantsnursery.com\/es\/wp-json\/wp\/v2\/product_cat?post=56830"},{"taxonomy":"product_tag","embeddable":true,"href":"https:\/\/smartyplantsnursery.com\/es\/wp-json\/wp\/v2\/product_tag?post=56830"}],"curies":[{"name":"wp","href":"https:\/\/api.w.org\/{rel}","templated":true}]}}