{"id":56915,"date":"2026-05-06T14:14:26","date_gmt":"2026-05-06T14:14:26","guid":{"rendered":"https:\/\/smartyplantsnursery.com\/product\/lirio-azul-de-virginia-iris-virginica\/"},"modified":"2026-05-06T14:14:26","modified_gmt":"2026-05-06T14:14:26","slug":"lirio-azul-de-virginia-iris-virginica","status":"publish","type":"product","link":"https:\/\/smartyplantsnursery.com\/es\/product\/lirio-azul-de-virginia-iris-virginica\/","title":{"rendered":"Lirio azul de Virginia &#8211; Iris virginica"},"content":{"rendered":"<p><b>Usos generales en el paisajismo:<\/b> Cobertura del suelo<\/p>\n<p><b>Notas sobre restauraci\u00f3n ecol\u00f3gica: <\/b><span class=\"citation-2535\">Se utiliza para <\/span><span class=\"citation-2535\">estabilizar el suelo<\/span><span class=\"citation-2535 citation-end-2535\"> y reducir la erosi\u00f3n en zonas ribere\u00f1as.<\/span><\/p>\n<p><b>Descripci\u00f3n: <\/b><span class=\"citation-2530 citation-end-2530\">Una planta perenne rizomatosa y de crecimiento en matas, con hojas de color verde brillante en forma de espada<\/span>.<\/p>\n<p><b>Dimensiones: <\/b>Altura 0,6 &#8211; 1,2 m; Extensi\u00f3n 0,3 &#8211; 0,9 m.<\/p>\n<p><b>Tasa de crecimiento:<\/b> moderada<\/p>\n<p><b>Distribuci\u00f3n nativa: <\/b><span class=\"citation-2525\">Este de Estados Unidos, espec\u00edficamente desde Virginia a trav\u00e9s de la pen\u00ednsula de <\/span><span class=\"citation-2525\">Florida<\/span><span class=\"citation-2525 citation-end-2525\"> hasta Texas<\/span>.<\/p>\n<p><b>H\u00e1bitats nativos: <\/b>Pantanos, marismas, orillas de lagos y prados h\u00famedos<\/p>\n<p><b>Suelos: <\/b>Muy adaptable a suelos \u00e1cidos, ligeramente alcalinos, arcillosos, arenosos o francos<\/p>\n<p><b>Requisitos nutricionales:<\/b> moderados<\/p>\n<p><b>Tolerancia al agua salada:<\/b> baja<\/p>\n<p><b>Tolerancia al viento salado:<\/b> baja<\/p>\n<p><b>Tolerancia a la sequ\u00eda:<\/b> moderada<\/p>\n<p><b>Requisitos de luz:<\/b> Pleno sol a sol parcial<\/p>\n<p><b>Color de la flor: <\/b>P\u00farpura con garganta amarilla<\/p>\n<p><b>Caracter\u00edsticas de la flor: <\/b><span class=\"citation-2512 citation-end-2512\">Grandes (7,6\u201312,7 cm) flores vistosas que aparecen en tallos desnudos<\/span>.<\/p>\n<p><b>Temporada de floraci\u00f3n: <\/b>Finales de primavera<\/p>\n<p><b>Fruto: <\/b>C\u00e1psulas verdes alargadas, de 1,3 a 2,5 cm de largo<\/p>\n<p><b>Fauna y ecolog\u00eda: <\/b><span class=\"citation-2506\">Atrae a <\/span><span class=\"citation-2506\">colibr\u00edes<\/span><span class=\"citation-2506 citation-end-2506\">, mariposas y abejas nativas<\/span>.<\/p>\n<p><b>Notas hort\u00edcolas: <\/b>Se propaga por semilla, divisi\u00f3n, esquejes<\/p>\n<p><b>Comentarios:<\/b><\/p>\n","protected":false},"excerpt":{"rendered":"<p><img fetchpriority=\"high\" decoding=\"async\" class=\"alignnone size-medium wp-image-54744\" src=\"https:\/\/smartyplantsnursery.com\/wp-content\/uploads\/2023\/04\/Screenshot-2026-03-03-at-2.22.47-PM-300x185.webp\" alt=\"\" width=\"300\" height=\"185\"><\/p>\n<div class=\"container\">\n<div class=\"table-container\">\n<table>\n<thead>\n<tr>\n<th>Tama\u00f1o de la maceta<\/th>\n<th>Altura media plantada (desde la tierra hasta la parte superior de la planta)<\/th>\n<\/tr>\n<\/thead>\n<tbody>\n<tr>\n<td>3 galones\/10&#8243;<\/td>\n<td>1 &#8211; 2 pies<\/td>\n<\/tr>\n<\/tbody>\n<\/table>\n<\/div>\n<\/div>\n","protected":false},"featured_media":56911,"comment_status":"open","ping_status":"closed","template":"","meta":[],"product_brand":[],"product_cat":[343,380,382,359,311,312,331,315,302,369,368,387,313,309,326,358,335,323,330,303],"product_tag":[319,338],"class_list":{"0":"post-56915","1":"product","2":"type-product","3":"status-publish","4":"has-post-thumbnail","6":"product_cat-acido","7":"product_cat-alcalino","8":"product_cat-arcilla","9":"product_cat-arena","10":"product_cat-baja","11":"product_cat-baja-es","12":"product_cat-division-es","13":"product_cat-esquejes","14":"product_cat-exotica","15":"product_cat-franco","16":"product_cat-grande","17":"product_cat-hierba-es","18":"product_cat-moderada-es","19":"product_cat-moderada","20":"product_cat-moderada-es-2","21":"product_cat-plantas-para-mariposas-plantas-para-polinizadores","22":"product_cat-pleno-sol","23":"product_cat-primavera","24":"product_cat-semilla","25":"product_cat-sol-parcial","26":"product_tag-amarillo","27":"product_tag-morado","28":"pa_pot-size-3-galones-10","31":"first","32":"instock","33":"taxable","34":"shipping-taxable","35":"purchasable","36":"product-type-variable"},"aioseo_notices":[],"_links":{"self":[{"href":"https:\/\/smartyplantsnursery.com\/es\/wp-json\/wp\/v2\/product\/56915","targetHints":{"allow":["GET"]}}],"collection":[{"href":"https:\/\/smartyplantsnursery.com\/es\/wp-json\/wp\/v2\/product"}],"about":[{"href":"https:\/\/smartyplantsnursery.com\/es\/wp-json\/wp\/v2\/types\/product"}],"replies":[{"embeddable":true,"href":"https:\/\/smartyplantsnursery.com\/es\/wp-json\/wp\/v2\/comments?post=56915"}],"wp:featuredmedia":[{"embeddable":true,"href":"https:\/\/smartyplantsnursery.com\/es\/wp-json\/wp\/v2\/media\/56911"}],"wp:attachment":[{"href":"https:\/\/smartyplantsnursery.com\/es\/wp-json\/wp\/v2\/media?parent=56915"}],"wp:term":[{"taxonomy":"product_brand","embeddable":true,"href":"https:\/\/smartyplantsnursery.com\/es\/wp-json\/wp\/v2\/product_brand?post=56915"},{"taxonomy":"product_cat","embeddable":true,"href":"https:\/\/smartyplantsnursery.com\/es\/wp-json\/wp\/v2\/product_cat?post=56915"},{"taxonomy":"product_tag","embeddable":true,"href":"https:\/\/smartyplantsnursery.com\/es\/wp-json\/wp\/v2\/product_tag?post=56915"}],"curies":[{"name":"wp","href":"https:\/\/api.w.org\/{rel}","templated":true}]}}